{"id":1556,"date":"2024-02-03T09:46:19","date_gmt":"2024-02-03T09:46:19","guid":{"rendered":"https:\/\/helios-stratos.hr\/base\/"},"modified":"2024-02-11T09:20:25","modified_gmt":"2024-02-11T09:20:25","slug":"stutzpunkt","status":"publish","type":"page","link":"https:\/\/helios-stratos.hr\/de\/stutzpunkt\/","title":{"rendered":"St\u00fctzpunkt"},"content":{"rendered":"<p>[vc_row gap=&#8220;0&#8243; content_placement=&#8220;middle&#8220; parallax=&#8220;enable_parallax&#8220; bg_position=&#8220;center center&#8220; enable_overlay=&#8220;yes&#8220; enable_row_dividers=&#8220;yes&#8220; responsive_css=&#8220;padding_top_large:300px|padding_bottom_large:200px&#8220; css=&#8220;.vc_custom_1707316689275{padding-top: 120px !important;padding-bottom: 100px !important;background-image: url(https:\/\/helios-stratos.hr\/wp-content\/uploads\/2024\/02\/obala-1.jpg?id=537) !important;background-position: center;background-repeat: no-repeat !important;background-size: cover !important;}&#8220; overlay_bg=&#8220;rgba(0, 0, 0, 0.4)&#8220; el_class=&#8220;page_title&#8220; row_svg_divider=&#8220;bottom_shape_type:5|bottom_shape_color:%23ffffff|bottom_shape_height:199|bottom_shape_bringtofront:yes&#8220;][vc_column responsive_align=&#8220;text-center&#8220;]<style>.ld_fancy_heading_69d06bc654ff5 h1{color:rgb(255, 255, 255);}.ld_fancy_heading_69d06bc654ff5 h1 {font-size:36px; } @media (min-width: 768px) { .ld_fancy_heading_69d06bc654ff5 h1 {font-size:50px; }  } .ld_fancy_heading_69d06bc654ff5 .lqd-highlight-inner{height:0.275em!important;bottom:0px!important;}.ld_fancy_heading_69d06bc654ff5 h1 {font-size:36px; } @media (min-width: 768px) { .ld_fancy_heading_69d06bc654ff5 h1 {font-size:50px; }  } <\/style><div class=\"ld-fancy-heading text-center ld_fancy_heading_69d06bc654ff5\">\n\t<h1 class=\"ld-fh-element lqd-highlight-underline lqd-highlight-grow-left text-decoration-default\"   >  St\u00fctzpunkt<\/h1><\/div>[vc_text_separator title=&#8220;\u2666&#8220; color=&#8220;white&#8220; border_width=&#8220;2&#8243; el_width=&#8220;30&#8243; el_class=&#8220;separator_white&#8220;]<style>.ld_fancy_heading_69d06bc6554c7 div{color:rgb(255, 255, 255);}.ld_fancy_heading_69d06bc6554c7 div {font-size:18px; } @media (min-width: 768px) { .ld_fancy_heading_69d06bc6554c7 div {font-size:24px; }  } .ld_fancy_heading_69d06bc6554c7 .lqd-highlight-inner{height:0.275em!important;bottom:0px!important;}.ld_fancy_heading_69d06bc6554c7 div {font-size:18px; } @media (min-width: 768px) { .ld_fancy_heading_69d06bc6554c7 div {font-size:24px; }  } <\/style><div class=\"ld-fancy-heading text-center ld_fancy_heading_69d06bc6554c7\">\n\t<div class=\"ld-fh-element lqd-highlight-underline lqd-highlight-grow-left text-decoration-default\"   >  Marina Kremik \/ Primo\u0161ten<\/div><\/div>[\/vc_column][\/vc_row][vc_row full_width=&#8220;stretch_row&#8220; css=&#8220;.vc_custom_1707319896482{padding-top: 70px !important;padding-bottom: 0px !important;}&#8220;][vc_column enable_content_animation=&#8220;yes&#8220; ca_init_scale_x=&#8220;1&#8243; ca_init_scale_y=&#8220;1&#8243; ca_init_opacity=&#8220;0&#8243; ca_an_scale_x=&#8220;1&#8243; ca_an_scale_y=&#8220;1&#8243; ca_an_opacity=&#8220;1&#8243; ca_init_scale_z=&#8220;1&#8243; ca_an_scale_z=&#8220;1&#8243; align=&#8220;text-center&#8220; css=&#8220;.vc_custom_1707239026831{margin-bottom: 40px !important;}&#8220; ca_duration=&#8220;1800&#8243; ca_delay=&#8220;180&#8243; ca_init_translate_y=&#8220;60&#8243; responsive_css=&#8220;margin_bottom_medium:55px|padding_right_medium:7%25|padding_left_medium:7%25&#8243; responsive_align=&#8220;text-md-center&#8220;]<style>.ld_fancy_heading_69d06bc655776 h2 {margin-bottom:0.35em !important;  } .ld_fancy_heading_69d06bc655776 .lqd-highlight-inner{height:0.275em!important;bottom:0px!important;}.ld_fancy_heading_69d06bc655776 h2 {margin-bottom:0.35em !important;  } <\/style><div class=\"ld-fancy-heading text-center ld_fancy_heading_69d06bc655776\">\n\t<h2 class=\"ld-fh-element lqd-highlight-underline lqd-highlight-grow-left text-decoration-default\"   >  Marina Kremik<\/h2><\/div><style>.ld_fancy_heading_69d06bc655994 p {font-size:17px; } @media (min-width: 992px) { .ld_fancy_heading_69d06bc655994 p {font-size:20px; }  } .ld_fancy_heading_69d06bc655994 p {line-height:25px; } @media (min-width: 992px) { .ld_fancy_heading_69d06bc655994 p {line-height:34px; }  } .ld_fancy_heading_69d06bc655994 p {--element-line-height:25px; } @media (min-width: 992px) { .ld_fancy_heading_69d06bc655994 p {--element-line-height:34px; }  } .ld_fancy_heading_69d06bc655994 .lqd-highlight-inner{height:0.275em!important;bottom:0px!important;}.ld_fancy_heading_69d06bc655994 p {font-size:17px; } @media (min-width: 992px) { .ld_fancy_heading_69d06bc655994 p {font-size:20px; }  } .ld_fancy_heading_69d06bc655994 p {line-height:25px; } @media (min-width: 992px) { .ld_fancy_heading_69d06bc655994 p {line-height:34px; }  } .ld_fancy_heading_69d06bc655994 p {--element-line-height:25px; } @media (min-width: 992px) { .ld_fancy_heading_69d06bc655994 p {--element-line-height:34px; }  } <\/style><div class=\"ld-fancy-heading text-center ld_fancy_heading_69d06bc655994\">\n\t<p class=\"ld-fh-element lqd-highlight-underline lqd-highlight-grow-left text-decoration-default\"   >  <strong>Primo\u0161ten (43\u00b034&#8217;15&#8220;N; 15\u00b056&#8217;31&#8220;E)<\/strong><\/p>\n<p>Im Zentrum der kroatischen K\u00fcste in Mitteldalmatien gelegen befindet sich bei Primo\u0161ten die Marina Kremik.<\/p><\/div><style>.ld_spacer_69d06bc655be7{height:32px;}<\/style>\n<div class=\"ld-empty-space ld_spacer_69d06bc655be7\"><\/div>[vc_row_inner gap=&#8220;10&#8243;][vc_column_inner width=&#8220;1\/4&#8243;][vc_single_image image=&#8220;691&#8243; alignment=&#8220;center&#8220; css=&#8220;.vc_custom_1707320182869{margin-bottom: 10px !important;}&#8220;][\/vc_column_inner][vc_column_inner width=&#8220;1\/4&#8243;][vc_single_image image=&#8220;692&#8243; alignment=&#8220;center&#8220; css=&#8220;.vc_custom_1707320204712{margin-bottom: 10px !important;}&#8220;][\/vc_column_inner][vc_column_inner width=&#8220;1\/4&#8243;][vc_single_image image=&#8220;693&#8243; alignment=&#8220;center&#8220; css=&#8220;.vc_custom_1707320214683{margin-bottom: 10px !important;}&#8220;][\/vc_column_inner][vc_column_inner width=&#8220;1\/4&#8243;][vc_single_image image=&#8220;694&#8243; alignment=&#8220;center&#8220; css=&#8220;.vc_custom_1707320225545{margin-bottom: 10px !important;}&#8220;][\/vc_column_inner][\/vc_row_inner][\/vc_column][\/vc_row][vc_row gap=&#8220;30&#8243; content_placement=&#8220;middle&#8220; css=&#8220;.vc_custom_1707319885514{padding-top: 50px !important;padding-bottom: 50px !important;background-color: #f7f7f7 !important;}&#8220;][vc_column width=&#8220;1\/2&#8243;][vc_single_image image=&#8220;707&#8243; alignment=&#8220;center&#8220; css=&#8220;.vc_custom_1707320018810{margin-bottom: 10px !important;}&#8220;]<style>.ld_fancy_heading_69d06bc655ed7 .lqd-highlight-inner{height:0.275em!important;bottom:0px!important;}<\/style><div class=\"ld-fancy-heading text-center ld_fancy_heading_69d06bc655ed7\">\n\t<p class=\"ld-fh-element lqd-highlight-underline lqd-highlight-grow-left text-decoration-default\"   >  <strong>Unser Standort in der Marina Kremik<\/strong><\/p><\/div>[\/vc_column][vc_column width=&#8220;1\/2&#8243;]<style>.ld_fancy_heading_69d06bc6561b6 p {font-size:17px; } @media (min-width: 992px) { .ld_fancy_heading_69d06bc6561b6 p {font-size:20px; }  } .ld_fancy_heading_69d06bc6561b6 p {line-height:25px; } @media (min-width: 992px) { .ld_fancy_heading_69d06bc6561b6 p {line-height:34px; }  } .ld_fancy_heading_69d06bc6561b6 p {--element-line-height:25px; } @media (min-width: 992px) { .ld_fancy_heading_69d06bc6561b6 p {--element-line-height:34px; }  } .ld_fancy_heading_69d06bc6561b6 .lqd-highlight-inner{height:0.275em!important;bottom:0px!important;}.ld_fancy_heading_69d06bc6561b6 p {font-size:17px; } @media (min-width: 992px) { .ld_fancy_heading_69d06bc6561b6 p {font-size:20px; }  } .ld_fancy_heading_69d06bc6561b6 p {line-height:25px; } @media (min-width: 992px) { .ld_fancy_heading_69d06bc6561b6 p {line-height:34px; }  } .ld_fancy_heading_69d06bc6561b6 p {--element-line-height:25px; } @media (min-width: 992px) { .ld_fancy_heading_69d06bc6561b6 p {--element-line-height:34px; }  } <\/style><div class=\"ld-fancy-heading text-left ld_fancy_heading_69d06bc6561b6\">\n\t<p class=\"ld-fh-element lqd-highlight-underline lqd-highlight-grow-left text-decoration-default\"   >  Die einzigartige Kombination in dieser Region bestehend aus einem reichen kulturellen Erbe und einer Ruhe, Herzlichkeit und Gastfreundschaft der Einheimischen sowie die f\u00fcr alle nautischen Routen g\u00fcnstige Lage, machen die Marina Kremik zum perfekten Ausgangshafen in Kroatien.<\/p>\n<p>Mit der N\u00e4he zum Flughafen (nur etwa 30 Minuten Fahrt mit dem PKW) und der bekannten Autobahn &#8222;Dalmatina&#8220; ist die Anreise sorgenlos gew\u00e4hrleistet.<\/p><\/div>[\/vc_column][\/vc_row][vc_row full_width=&#8220;stretch_row&#8220; gap=&#8220;0&#8243;][vc_column][vc_raw_html]JTNDaWZyYW1lJTIwc2FuZGJveCUzRCUyMmFsbG93LXNjcmlwdHMlMjBhbGxvdy1wb3B1cHMlMjIlMjBzcmMlM0QlMjJodHRwcyUzQSUyRiUyRnd3dy5nb29nbGUuY29tJTJGbWFwcyUyRmVtYmVkJTNGcGIlM0QlMjExbTE4JTIxMW0xMiUyMTFtMyUyMTFkNDM5MjA1LjM0NTMwOTU3MDE0JTIxMmQxNS41MzQxODEzNDc5MDYzMDUlMjEzZDQzLjY4MjI1OTA1NTQ0NDQ4JTIxMm0zJTIxMWYwJTIxMmYwJTIxM2YwJTIxM20yJTIxMWkxMDI0JTIxMmk3NjglMjE0ZjEzLjElMjEzbTMlMjExbTIlMjExczB4MTMzNTE5MWIyNTdhNzYzYiUyNTNBMHg4NThkMGQyZGIwZDI5NmNmJTIxMnNNYXJpbmElMjUyMEtyZW1payUyNTIwZC5vLm8uJTIxNWUwJTIxM20yJTIxMXNociUyMTJzaHIlMjE0djE3MDcyNjAyODU2NTYlMjE1bTIlMjExc2hyJTIxMnNociUyMiUyMHdpZHRoJTNEJTIyMTAwJTI1JTIyJTIwaGVpZ2h0JTNEJTIyNDUwJTIyJTIwc3R5bGUlM0QlMjJib3JkZXIlM0EwJTNCJTIyJTIwYWxsb3dmdWxsc2NyZWVuJTNEJTIyJTIyJTIwbG9hZGluZyUzRCUyMmxhenklMjIlMjByZWZlcnJlcnBvbGljeSUzRCUyMm5vLXJlZmVycmVyLXdoZW4tZG93bmdyYWRlJTIyJTNFJTNDJTJGaWZyYW1lJTNF[\/vc_raw_html][\/vc_column][\/vc_row][vc_row gap=&#8220;30&#8243; css=&#8220;.vc_custom_1707321306879{padding-top: 30px !important;padding-bottom: 50px !important;}&#8220;][vc_column width=&#8220;1\/4&#8243;][vc_single_image image=&#8220;695&#8243; alignment=&#8220;center&#8220; onclick=&#8220;custom_link&#8220; enable_link=&#8220;enable_image_link&#8220; enable_opacity=&#8220;yes&#8220; opacity=&#8220;0.85&#8243; css=&#8220;.vc_custom_1707321217773{margin-bottom: 10px !important;}&#8220; link=&#8220;url:https%3A%2F%2Fmaps.app.goo.gl%2Fyw1Au92w1y91nCGu5||target:%20_blank|&#8220;]<style>.ld_spacer_69d06bc656375{height:32px;}<\/style>\n<div class=\"ld-empty-space ld_spacer_69d06bc656375\"><\/div><div  class=\"lqd-simple-heading-wrap ld_simple_heading_69d06bc6564b5\">\n<h5 class=\"lqd-simple-heading\">\n\tEntfernungen VON gr\u00f6\u00dferen kroatischen St\u00e4dten:<\/h5>\n<\/div>[vc_column_text]<\/p>\n<ul>\n<li>Primo\u0161ten\u00a02 km<\/li>\n<li>\u0160ibenik\u00a025 km<\/li>\n<li>Trogir 25 km<\/li>\n<li>Split\u00a050 km<\/li>\n<li>Dubrovnik 285 km<\/li>\n<li>Zadar 106 km<\/li>\n<li>Zagreb 348 km<\/li>\n<\/ul>\n<p>[\/vc_column_text][\/vc_column][vc_column width=&#8220;1\/4&#8243;][vc_single_image image=&#8220;696&#8243; alignment=&#8220;center&#8220; onclick=&#8220;custom_link&#8220; enable_link=&#8220;enable_image_link&#8220; enable_opacity=&#8220;yes&#8220; opacity=&#8220;0.85&#8243; css=&#8220;.vc_custom_1707321226806{margin-bottom: 10px !important;}&#8220; link=&#8220;url:https%3A%2F%2Fmaps.app.goo.gl%2Fo2hUBZyXrGjQcj68A||target:%20_blank|&#8220;]<style>.ld_spacer_69d06bc6565c3{height:32px;}<\/style>\n<div class=\"ld-empty-space ld_spacer_69d06bc6565c3\"><\/div><div  class=\"lqd-simple-heading-wrap ld_simple_heading_69d06bc656670\">\n<h5 class=\"lqd-simple-heading\">\n\tEntfernungen von europ\u00e4ischen St\u00e4dten:<\/h5>\n<\/div>[vc_column_text]<\/p>\n<ul>\n<li>Wien 730 km<\/li>\n<li>Graz 531 km<\/li>\n<li>Budapest 703 km<\/li>\n<li>Prag 1010 km<\/li>\n<li>Warschau 1384 km<\/li>\n<li>Berlin 1347 km<\/li>\n<li>M\u00fcnchen 813 km<\/li>\n<\/ul>\n<p>[\/vc_column_text][\/vc_column][vc_column width=&#8220;1\/4&#8243;][vc_single_image image=&#8220;697&#8243; alignment=&#8220;center&#8220; onclick=&#8220;custom_link&#8220; enable_link=&#8220;enable_image_link&#8220; enable_opacity=&#8220;yes&#8220; opacity=&#8220;0.85&#8243; css=&#8220;.vc_custom_1707321235579{margin-bottom: 10px !important;}&#8220; link=&#8220;url:http%3A%2F%2Fwww.auto-karta-hrvatske.com%2F||target:%20_blank|&#8220;]<style>.ld_spacer_69d06bc656751{height:32px;}<\/style>\n<div class=\"ld-empty-space ld_spacer_69d06bc656751\"><\/div><div  class=\"lqd-simple-heading-wrap ld_simple_heading_69d06bc65686e\">\n<h5 class=\"lqd-simple-heading\">\n\tAnreise mit dem Auto?<\/h5>\n<\/div>[vc_column_text]<\/p>\n<p class=\"subtitle\"><strong>1. Autobahn \u2013 Autocesta Dalmatina A1<\/strong><br \/>\nZagreb \u2013 Karlovac \u2013 Bosiljevo \u2013 Gospi\u0107 \u2013 Zadar \u2013 \u0160ibenik \u2013 Primo\u0161ten \u2013 Marina Kremik.<br \/>\nBei Ausfahrt \u0160ibenik die Autobahn verlassen und die K\u00fcstenstra\u00dfe nach Primo\u0161ten &#8211; Marina Kremik folgen<\/p>\n<p class=\"subtitle\"><strong>2. K\u00fcstenstrasse \u2013 Jadranska magistrala<\/strong><br \/>\nRijeka \u2013 Senj \u2013 Karlobag \u2013 Zadar \u2013 \u0160ibenik \u2013 Primo\u0161ten \u2013 Marina Kremik,<br \/>\noder planen Sie Ihre Route \u00fcber den Routenplaner von Michelin: <a href=\"https:\/\/www.viamichelin.com\/web\/Maps?address=Marina%20Kremik%2C%2022202%20Primo%C5%A1ten%2C%20Croatia\" target=\"_blank\" rel=\"noopener\">www.viamichelin.com<\/a><\/p>\n<p>[\/vc_column_text][\/vc_column][vc_column width=&#8220;1\/4&#8243;][vc_single_image image=&#8220;698&#8243; alignment=&#8220;center&#8220; onclick=&#8220;custom_link&#8220; enable_link=&#8220;enable_image_link&#8220; enable_opacity=&#8220;yes&#8220; opacity=&#8220;0.85&#8243; css=&#8220;.vc_custom_1707321243889{margin-bottom: 10px !important;}&#8220; link=&#8220;url:http%3A%2F%2Fwww.split-airport.hr%2Findex.php%3Flang%3Dhr||target:%20_blank|&#8220;]<style>.ld_spacer_69d06bc65694c{height:32px;}<\/style>\n<div class=\"ld-empty-space ld_spacer_69d06bc65694c\"><\/div><div  class=\"lqd-simple-heading-wrap ld_simple_heading_69d06bc6569ea\">\n<h5 class=\"lqd-simple-heading\">\n\tAnreise mit dem Flugzeug<\/h5>\n<\/div>[vc_column_text]<\/p>\n<header>\n<header>\n<header>\n<header>Marina Kremik ist mit den gro\u00dfen europ\u00e4ischen St\u00e4dten \u00fcber sehr gute Flugverbindungen erreichbar. Der Flughafen Split ist nur 30 Minuten Autofahrt von Primo\u0161ten entfernt. Entfernung ca. 30 km.<br \/>\nBestehende Direktfl\u00fcge aus europ\u00e4ischen St\u00e4dten nach Split<\/header>\n<ul>\n<li>G\u00f6teborg<\/li>\n<li>Berlin<\/li>\n<li>Prag<\/li>\n<li>Amsterdam<\/li>\n<li>Frankfurt<\/li>\n<li>Paris<\/li>\n<li>London<\/li>\n<li>Manchester<\/li>\n<li>Madrid<\/li>\n<\/ul>\n<\/header>\n<\/header>\n<\/header>\n<p>[\/vc_column_text][\/vc_column][\/vc_row]<\/p>\n","protected":false},"excerpt":{"rendered":"<p>[vc_row gap=&#8220;0&#8243; content_placement=&#8220;middle&#8220; parallax=&#8220;enable_parallax&#8220; bg_position=&#8220;center center&#8220; enable_overlay=&#8220;yes&#8220; enable_row_dividers=&#8220;yes&#8220; responsive_css=&#8220;padding_top_large:300px|padding_bottom_large:200px&#8220; css=&#8220;.vc_custom_1707316689275{padding-top: 120px !important;padding-bottom: 100px !important;background-image: url(https:\/\/helios-stratos.hr\/wp-content\/uploads\/2024\/02\/obala-1.jpg?id=537) !important;background-position: center;background-repeat: no-repeat !important;background-size: cover !important;}&#8220; overlay_bg=&#8220;rgba(0, 0, 0, 0.4)&#8220; el_class=&#8220;page_title&#8220; row_svg_divider=&#8220;bottom_shape_type:5|bottom_shape_color:%23ffffff|bottom_shape_height:199|bottom_shape_bringtofront:yes&#8220;][vc_column responsive_align=&#8220;text-center&#8220;][vc_text_separator title=&#8220;\u2666&#8220; color=&#8220;white&#8220; border_width=&#8220;2&#8243; el_width=&#8220;30&#8243; el_class=&#8220;separator_white&#8220;][\/vc_column][\/vc_row][vc_row full_width=&#8220;stretch_row&#8220; css=&#8220;.vc_custom_1707319896482{padding-top: 70px !important;padding-bottom: 0px !important;}&#8220;][vc_column enable_content_animation=&#8220;yes&#8220; ca_init_scale_x=&#8220;1&#8243; ca_init_scale_y=&#8220;1&#8243; ca_init_opacity=&#8220;0&#8243; ca_an_scale_x=&#8220;1&#8243; ca_an_scale_y=&#8220;1&#8243; ca_an_opacity=&#8220;1&#8243; ca_init_scale_z=&#8220;1&#8243; ca_an_scale_z=&#8220;1&#8243; align=&#8220;text-center&#8220; css=&#8220;.vc_custom_1707239026831{margin-bottom: 40px !important;}&#8220; ca_duration=&#8220;1800&#8243; ca_delay=&#8220;180&#8243; ca_init_translate_y=&#8220;60&#8243; [&hellip;]<\/p>\n","protected":false},"author":1,"featured_media":0,"parent":0,"menu_order":0,"comment_status":"closed","ping_status":"closed","template":"","meta":{"footnotes":""},"class_list":["post-1556","page","type-page","status-publish","hentry"],"_links":{"self":[{"href":"https:\/\/helios-stratos.hr\/de\/wp-json\/wp\/v2\/pages\/1556","targetHints":{"allow":["GET"]}}],"collection":[{"href":"https:\/\/helios-stratos.hr\/de\/wp-json\/wp\/v2\/pages"}],"about":[{"href":"https:\/\/helios-stratos.hr\/de\/wp-json\/wp\/v2\/types\/page"}],"author":[{"embeddable":true,"href":"https:\/\/helios-stratos.hr\/de\/wp-json\/wp\/v2\/users\/1"}],"replies":[{"embeddable":true,"href":"https:\/\/helios-stratos.hr\/de\/wp-json\/wp\/v2\/comments?post=1556"}],"version-history":[{"count":4,"href":"https:\/\/helios-stratos.hr\/de\/wp-json\/wp\/v2\/pages\/1556\/revisions"}],"predecessor-version":[{"id":1563,"href":"https:\/\/helios-stratos.hr\/de\/wp-json\/wp\/v2\/pages\/1556\/revisions\/1563"}],"wp:attachment":[{"href":"https:\/\/helios-stratos.hr\/de\/wp-json\/wp\/v2\/media?parent=1556"}],"curies":[{"name":"wp","href":"https:\/\/api.w.org\/{rel}","templated":true}]}}