{"id":1566,"date":"2021-01-08T10:10:06","date_gmt":"2021-01-08T10:10:06","guid":{"rendered":"https:\/\/helios-stratos.hr\/contact\/"},"modified":"2024-02-11T09:31:53","modified_gmt":"2024-02-11T09:31:53","slug":"kontakt","status":"publish","type":"page","link":"https:\/\/helios-stratos.hr\/de\/kontakt\/","title":{"rendered":"Kontakt"},"content":{"rendered":"<p>[vc_row gap=&#8220;0&#8243; content_placement=&#8220;middle&#8220; parallax=&#8220;enable_parallax&#8220; bg_position=&#8220;center center&#8220; enable_overlay=&#8220;yes&#8220; enable_row_dividers=&#8220;yes&#8220; responsive_css=&#8220;padding_top_large:300px|padding_bottom_large:200px&#8220; css=&#8220;.vc_custom_1707316665874{padding-top: 120px !important;padding-bottom: 100px !important;background-image: url(https:\/\/helios-stratos.hr\/wp-content\/uploads\/2024\/02\/bol.jpg?id=639) !important;background-position: center;background-repeat: no-repeat !important;background-size: cover !important;}&#8220; overlay_bg=&#8220;rgba(0, 0, 0, 0.4)&#8220; el_class=&#8220;page_title&#8220; row_svg_divider=&#8220;bottom_shape_type:5|bottom_shape_color:%23ffffff|bottom_shape_height:199|bottom_shape_bringtofront:yes&#8220;][vc_column responsive_align=&#8220;text-center&#8220;]<style>.ld_fancy_heading_69f08b92ce152 h1{color:rgb(255, 255, 255);}.ld_fancy_heading_69f08b92ce152 h1 {font-size:36px; } @media (min-width: 768px) { .ld_fancy_heading_69f08b92ce152 h1 {font-size:50px; }  } .ld_fancy_heading_69f08b92ce152 .lqd-highlight-inner{height:0.275em!important;bottom:0px!important;}.ld_fancy_heading_69f08b92ce152 h1 {font-size:36px; } @media (min-width: 768px) { .ld_fancy_heading_69f08b92ce152 h1 {font-size:50px; }  } <\/style><div class=\"ld-fancy-heading text-center ld_fancy_heading_69f08b92ce152\">\n\t<h1 class=\"ld-fh-element lqd-highlight-underline lqd-highlight-grow-left text-decoration-default\"   >  Kontakt<\/h1><\/div>[\/vc_column][\/vc_row][vc_row content_placement=&#8220;middle&#8220; responsive_css=&#8220;padding_top_medium:100px|padding_bottom_medium:100px|padding_top_small:80px|padding_bottom_small:80px&#8220; css=&#8220;.vc_custom_1610102039754{padding-top: 30px !important;padding-bottom: 60px !important;}&#8220;][vc_column enable_content_animation=&#8220;yes&#8220; ca_init_scale_x=&#8220;1&#8243; ca_init_scale_y=&#8220;1&#8243; ca_init_opacity=&#8220;0&#8243; ca_an_scale_x=&#8220;1&#8243; ca_an_scale_y=&#8220;1&#8243; ca_an_opacity=&#8220;1&#8243; ca_init_scale_z=&#8220;1&#8243; ca_an_scale_z=&#8220;1&#8243; offset=&#8220;vc_col-lg-5 vc_col-md-6&#8243; ca_duration=&#8220;1800&#8243; ca_delay=&#8220;180&#8243; ca_init_translate_y=&#8220;60&#8243; css=&#8220;.vc_custom_1610102029367{padding-top: 35px !important;padding-bottom: 35px !important;}&#8220;]<style>.ld_fancy_heading_69f08b92ce77d h2 {font-size:34px; } @media (min-width: 992px) { .ld_fancy_heading_69f08b92ce77d h2 {padding-right:14% !important;  }  } .ld_fancy_heading_69f08b92ce77d .lqd-highlight-inner{height:0.275em!important;bottom:0px!important;}.ld_fancy_heading_69f08b92ce77d h2 {font-size:34px; } @media (min-width: 992px) { .ld_fancy_heading_69f08b92ce77d h2 {padding-right:14% !important;  }  } <\/style><div class=\"ld-fancy-heading ld_fancy_heading_69f08b92ce77d\">\n\t<h2 class=\"ld-fh-element lqd-highlight-underline lqd-highlight-grow-left text-decoration-default\"   >  In Kontakt kommen<\/h2><\/div><style>.ld_fancy_heading_69f08b92cec14 p {margin-bottom:1.85em !important;  } .ld_fancy_heading_69f08b92cec14 .lqd-highlight-inner{height:0.275em!important;bottom:0px!important;}.ld_fancy_heading_69f08b92cec14 p {margin-bottom:1.85em !important;  } <\/style><div class=\"ld-fancy-heading ld_fancy_heading_69f08b92cec14\">\n\t<p class=\"ld-fh-element lqd-highlight-underline lqd-highlight-grow-left text-decoration-default\"   >  Unsere Segelfreunde wissen am besten welche neuen Leistungen zus\u00e4tzlich angeboten werden sollten, oder was an den bestehenden Leistungen zu verbessern w\u00e4re! Egal ob revolution\u00e4r oder einfach.<\/p>\n<p>Schreibt uns, Eure Ideen sind unsere Ziele!<\/p><\/div>[\/vc_column][vc_column enable_column_shadowbox=&#8220;yes&#8220; enable_content_animation=&#8220;yes&#8220; ca_init_scale_x=&#8220;1&#8243; ca_init_scale_y=&#8220;1&#8243; ca_init_opacity=&#8220;0&#8243; ca_an_scale_x=&#8220;1&#8243; ca_an_scale_y=&#8220;1&#8243; ca_an_opacity=&#8220;1&#8243; ca_init_scale_z=&#8220;1&#8243; ca_an_scale_z=&#8220;1&#8243; offset=&#8220;vc_col-md-6&#8243; css=&#8220;.vc_custom_1610101463920{padding-top: 35px !important;padding-right: 50px !important;padding-bottom: 40px !important;padding-left: 50px !important;background-color: #ffffff !important;border-radius: 5px !important;}&#8220; column_box_shadow=&#8220;%5B%7B%22x_offset%22%3A%220%22%2C%22y_offset%22%3A%2210px%22%2C%22blur_radius%22%3A%2260px%22%2C%22shadow_color%22%3A%22rgba(0%2C%200%2C%200%2C%200.07)%22%7D%5D&#8220; responsive_css=&#8220;margin_left_large:50px|padding_bottom_medium:20px&#8220; ca_duration=&#8220;1800&#8243; ca_start_delay=&#8220;250&#8243; ca_delay=&#8220;180&#8243; ca_init_translate_y=&#8220;35&#8243;]<style>.ld_fancy_heading_69f08b92cf044 h6 {font-size:20px; } .ld_fancy_heading_69f08b92cf044 h6 {margin-bottom:1.1em !important;  } .ld_fancy_heading_69f08b92cf044 .lqd-highlight-inner{height:0.275em!important;bottom:0px!important;}.ld_fancy_heading_69f08b92cf044 h6 {font-size:20px; } .ld_fancy_heading_69f08b92cf044 h6 {margin-bottom:1.1em !important;  } <\/style><div class=\"ld-fancy-heading ld_fancy_heading_69f08b92cf044\">\n\t<h6 class=\"ld-fh-element lqd-highlight-underline lqd-highlight-grow-left text-decoration-default\"   >  Schreiben Sie uns<\/h6><\/div><style>.ld_cf7_69f08b92cf333 input,.ld_cf7_69f08b92cf333 textarea,.ld_cf7_69f08b92cf333 .ui-button.ui-selectmenu-button{font-size:14px;font-weight:400;}.ld_cf7_69f08b92cf333 input[type=\"submit\"]{font-size:16px;font-weight:700;background:rgb(40, 175, 96);color:rgb(255, 255, 255);border-color:rgb(40, 175, 96);}.ld_cf7_69f08b92cf333 input, .ld_cf7_69f08b92cf333 select, .ld_cf7_69f08b92cf333 textarea, .ld_cf7_69f08b92cf333 .ui-button.ui-selectmenu-button{background:rgb(247, 248, 248);}.ld_cf7_69f08b92cf333 input, .ld_cf7_69f08b92cf333 select, .ld_cf7_69f08b92cf333 textarea, .ld_cf7_69f08b92cf333 .ui-button.ui-selectmenu-button, .ld_cf7_69f08b92cf333 .wpcf7-form-control-wrap > i, .ld_cf7_69f08b92cf333 .wpcf7-radio{color:rgb(59, 75, 83);}.ld_cf7_69f08b92cf333 input[type=\"submit\"]:focus,.ld_cf7_69f08b92cf333 input[type=\"submit\"]:hover{background:rgb(24, 67, 65);}.ld_cf7_69f08b92cf333 input[type=\"submit\"]:hover{color:rgb(255, 255, 255);border-color:rgb(24, 67, 65);}.ld_cf7_69f08b92cf333 .wpcf7-form-control-wrap{margin-bottom:20px;}<\/style><div id=\"ld_cf7_69f08b92cf333\" class=\"lqd-contact-form lqd-contact-form-inputs-filled lqd-contact-form-button-lg lqd-contact-form-button-block lqd-contact-form-button-round ld_cf7_69f08b92cf333 vc_custom_1707643914491\">\n\t\n<div class=\"wpcf7 no-js\" id=\"wpcf7-f1535-o1\" lang=\"en-GB\" dir=\"ltr\" data-wpcf7-id=\"1535\">\n<div class=\"screen-reader-response\"><p role=\"status\" aria-live=\"polite\" aria-atomic=\"true\"><\/p> <ul><\/ul><\/div>\n<form action=\"\/de\/wp-json\/wp\/v2\/pages\/1566#wpcf7-f1535-o1\" method=\"post\" class=\"wpcf7-form init\" aria-label=\"Kontaktformular\" novalidate=\"novalidate\" data-status=\"init\">\n<div style=\"display: none;\">\n<input type=\"hidden\" name=\"_wpcf7\" value=\"1535\" \/>\n<input type=\"hidden\" name=\"_wpcf7_version\" value=\"6.0.4\" \/>\n<input type=\"hidden\" name=\"_wpcf7_locale\" value=\"en_GB\" \/>\n<input type=\"hidden\" name=\"_wpcf7_unit_tag\" value=\"wpcf7-f1535-o1\" \/>\n<input type=\"hidden\" name=\"_wpcf7_container_post\" value=\"0\" \/>\n<input type=\"hidden\" name=\"_wpcf7_posted_data_hash\" value=\"\" \/>\n<\/div>\n<p><span class=\"wpcf7-form-control-wrap\" data-name=\"your-name\"><input size=\"40\" maxlength=\"400\" class=\"wpcf7-form-control wpcf7-text wpcf7-validates-as-required\" aria-required=\"true\" aria-invalid=\"false\" placeholder=\"Name\" value=\"\" type=\"text\" name=\"your-name\" \/><\/span><span class=\"wpcf7-form-control-wrap\" data-name=\"your-email\"><input size=\"40\" maxlength=\"400\" class=\"wpcf7-form-control wpcf7-email wpcf7-validates-as-required wpcf7-text wpcf7-validates-as-email\" aria-required=\"true\" aria-invalid=\"false\" placeholder=\"Email\" value=\"\" type=\"email\" name=\"your-email\" \/><\/span><span class=\"wpcf7-form-control-wrap\" data-name=\"your-message\"><textarea cols=\"10\" rows=\"4\" maxlength=\"2000\" class=\"wpcf7-form-control wpcf7-textarea wpcf7-validates-as-required\" aria-required=\"true\" aria-invalid=\"false\" placeholder=\"Nachricht\" name=\"your-message\"><\/textarea><\/span><span class=\"wpcf7-form-control-wrap\" data-name=\"acceptance-14\"><span class=\"wpcf7-form-control wpcf7-acceptance\"><span class=\"wpcf7-list-item\"><label><input type=\"checkbox\" name=\"acceptance-14\" value=\"1\" aria-invalid=\"false\" \/><span class=\"wpcf7-list-item-label\">Ich bin mit der Datenschutzerkl\u00e4rung einverstanden<\/span><\/label><\/span><\/span><\/span><input class=\"wpcf7-form-control wpcf7-submit has-spinner\" type=\"submit\" value=\"Senden\" \/>\n<\/p><div class=\"wpcf7-response-output\" aria-hidden=\"true\"><\/div>\n<\/form>\n<\/div>\n<\/div>[\/vc_column][\/vc_row][vc_row gap=&#8220;30&#8243; css=&#8220;.vc_custom_1707261844414{padding-top: 80px !important;padding-bottom: 50px !important;background-color: #f2f2f2 !important;}&#8220;][vc_column width=&#8220;1\/4&#8243;]<style>@media (min-width: 992px) { .ld_fancy_heading_69f08b92d0529 h4 {padding-right:14% !important;  }  } .ld_fancy_heading_69f08b92d0529 .lqd-highlight-inner{height:0.275em!important;bottom:0px!important;}@media (min-width: 992px) { .ld_fancy_heading_69f08b92d0529 h4 {padding-right:14% !important;  }  } <\/style><div class=\"ld-fancy-heading ld_fancy_heading_69f08b92d0529\">\n\t<h4 class=\"ld-fh-element lqd-highlight-underline lqd-highlight-grow-left text-decoration-default\"   >  Kontakt<\/h4><\/div><style>.ld_fancy_heading_69f08b92d0a0f p {margin-bottom:1.85em !important;  } .ld_fancy_heading_69f08b92d0a0f .lqd-highlight-inner{height:0.275em!important;bottom:0px!important;}.ld_fancy_heading_69f08b92d0a0f p {margin-bottom:1.85em !important;  } <\/style><div class=\"ld-fancy-heading ld_fancy_heading_69f08b92d0a0f\">\n\t<p class=\"ld-fh-element lqd-highlight-underline lqd-highlight-grow-left text-decoration-default\"   >  <strong>Helios Stratos d.o.o.<\/strong><br \/>\nCesta Dr. Franje Tu\u0111mana 1118<br \/>\n21217 Ka\u0161tel \u0160tafili\u0107, Hrvatska<br \/>\nOIB: 72956342235<br \/>\nMail: info@helios-stratos.hr<br \/>\nMob: 00385 99 4441728<\/p><\/div>[\/vc_column][vc_column width=&#8220;1\/4&#8243;]<style>@media (min-width: 992px) { .ld_fancy_heading_69f08b92d0eb0 h4 {padding-right:14% !important;  }  } .ld_fancy_heading_69f08b92d0eb0 .lqd-highlight-inner{height:0.275em!important;bottom:0px!important;}@media (min-width: 992px) { .ld_fancy_heading_69f08b92d0eb0 h4 {padding-right:14% !important;  }  } <\/style><div class=\"ld-fancy-heading ld_fancy_heading_69f08b92d0eb0\">\n\t<h4 class=\"ld-fh-element lqd-highlight-underline lqd-highlight-grow-left text-decoration-default\"   >  St\u00fctzpunkt<\/h4><\/div><style>.ld_fancy_heading_69f08b92d123e p {margin-bottom:1.85em !important;  } .ld_fancy_heading_69f08b92d123e .lqd-highlight-inner{height:0.275em!important;bottom:0px!important;}.ld_fancy_heading_69f08b92d123e p {margin-bottom:1.85em !important;  } <\/style><div class=\"ld-fancy-heading ld_fancy_heading_69f08b92d123e\">\n\t<p class=\"ld-fh-element lqd-highlight-underline lqd-highlight-grow-left text-decoration-default\"   >  <strong>Marina Kremik<\/strong><br \/>\nSplitska 22-24<br \/>\n22202 Primo\u0161ten<br \/>\nHrvatska<br \/>\nMob: 00385 99 4441728<\/p><\/div>[\/vc_column][vc_column width=&#8220;1\/2&#8243;]<style>@media (min-width: 992px) { .ld_fancy_heading_69f08b92d1645 h4 {padding-right:14% !important;  }  } .ld_fancy_heading_69f08b92d1645 .lqd-highlight-inner{height:0.275em!important;bottom:0px!important;}@media (min-width: 992px) { .ld_fancy_heading_69f08b92d1645 h4 {padding-right:14% !important;  }  } <\/style><div class=\"ld-fancy-heading ld_fancy_heading_69f08b92d1645\">\n\t<h4 class=\"ld-fh-element lqd-highlight-underline lqd-highlight-grow-left text-decoration-default\"   >  Unternehmensinfos<\/h4><\/div><style>.ld_fancy_heading_69f08b92d19ae p {margin-bottom:1.85em !important;  } .ld_fancy_heading_69f08b92d19ae .lqd-highlight-inner{height:0.275em!important;bottom:0px!important;}.ld_fancy_heading_69f08b92d19ae p {margin-bottom:1.85em !important;  } <\/style><div class=\"ld-fancy-heading ld_fancy_heading_69f08b92d19ae\">\n\t<p class=\"ld-fh-element lqd-highlight-underline lqd-highlight-grow-left text-decoration-default\"   >  Steuernummer: 72956342235<br \/>\nID: 4032250, Trgova\u010dki sud u Splitu<br \/>\nIBAN: HR7424020061100658472<br \/>\nErste banka &#8211; 51000 Rijeka, Jadranski Trg 3A<br \/>\nKonto Nummer kuna\/Devisen: 2402006-1100658472<br \/>\nBIC: ESBCHR22<br \/>\nGrundkapital: 20.000,00 kuna, pla\u0107en u cijelosti<\/p><\/div>[\/vc_column][\/vc_row][vc_row full_width=&#8220;stretch_row&#8220; gap=&#8220;0&#8243; css=&#8220;.vc_custom_1707261584520{margin-bottom: 0px !important;background-color: #222426 !important;}&#8220;][vc_column][vc_raw_html css=&#8220;.vc_custom_1707260618345{margin-bottom: 0px !important;padding-bottom: 0px !important;}&#8220;]JTNDaWZyYW1lJTIwc2FuZGJveCUzRCUyMmFsbG93LXNjcmlwdHMlMjBhbGxvdy1wb3B1cHMlMjIlMjBzcmMlM0QlMjJodHRwcyUzQSUyRiUyRnd3dy5nb29nbGUuY29tJTJGbWFwcyUyRmVtYmVkJTNGcGIlM0QlMjExbTE4JTIxMW0xMiUyMTFtMyUyMTFkNDM5MjA1LjM0NTMwOTU3MDE0JTIxMmQxNS41MzQxODEzNDc5MDYzMDUlMjEzZDQzLjY4MjI1OTA1NTQ0NDQ4JTIxMm0zJTIxMWYwJTIxMmYwJTIxM2YwJTIxM20yJTIxMWkxMDI0JTIxMmk3NjglMjE0ZjEzLjElMjEzbTMlMjExbTIlMjExczB4MTMzNTE5MWIyNTdhNzYzYiUyNTNBMHg4NThkMGQyZGIwZDI5NmNmJTIxMnNNYXJpbmElMjUyMEtyZW1payUyNTIwZC5vLm8uJTIxNWUwJTIxM20yJTIxMXNociUyMTJzaHIlMjE0djE3MDcyNjAyODU2NTYlMjE1bTIlMjExc2hyJTIxMnNociUyMiUyMHdpZHRoJTNEJTIyMTAwJTI1JTIyJTIwaGVpZ2h0JTNEJTIyNDUwJTIyJTIwc3R5bGUlM0QlMjJib3JkZXIlM0EwJTNCJTIyJTIwYWxsb3dmdWxsc2NyZWVuJTNEJTIyJTIyJTIwbG9hZGluZyUzRCUyMmxhenklMjIlMjByZWZlcnJlcnBvbGljeSUzRCUyMm5vLXJlZmVycmVyLXdoZW4tZG93bmdyYWRlJTIyJTNFJTNDJTJGaWZyYW1lJTNF[\/vc_raw_html][\/vc_column][\/vc_row]<\/p>\n","protected":false},"excerpt":{"rendered":"<p>[vc_row gap=&#8220;0&#8243; content_placement=&#8220;middle&#8220; parallax=&#8220;enable_parallax&#8220; bg_position=&#8220;center center&#8220; enable_overlay=&#8220;yes&#8220; enable_row_dividers=&#8220;yes&#8220; responsive_css=&#8220;padding_top_large:300px|padding_bottom_large:200px&#8220; css=&#8220;.vc_custom_1707316665874{padding-top: 120px !important;padding-bottom: 100px !important;background-image: url(https:\/\/helios-stratos.hr\/wp-content\/uploads\/2024\/02\/bol.jpg?id=639) !important;background-position: center;background-repeat: no-repeat !important;background-size: cover !important;}&#8220; overlay_bg=&#8220;rgba(0, 0, 0, 0.4)&#8220; el_class=&#8220;page_title&#8220; row_svg_divider=&#8220;bottom_shape_type:5|bottom_shape_color:%23ffffff|bottom_shape_height:199|bottom_shape_bringtofront:yes&#8220;][vc_column responsive_align=&#8220;text-center&#8220;][\/vc_column][\/vc_row][vc_row content_placement=&#8220;middle&#8220; responsive_css=&#8220;padding_top_medium:100px|padding_bottom_medium:100px|padding_top_small:80px|padding_bottom_small:80px&#8220; css=&#8220;.vc_custom_1610102039754{padding-top: 30px !important;padding-bottom: 60px !important;}&#8220;][vc_column enable_content_animation=&#8220;yes&#8220; ca_init_scale_x=&#8220;1&#8243; ca_init_scale_y=&#8220;1&#8243; ca_init_opacity=&#8220;0&#8243; ca_an_scale_x=&#8220;1&#8243; ca_an_scale_y=&#8220;1&#8243; ca_an_opacity=&#8220;1&#8243; ca_init_scale_z=&#8220;1&#8243; ca_an_scale_z=&#8220;1&#8243; offset=&#8220;vc_col-lg-5 vc_col-md-6&#8243; ca_duration=&#8220;1800&#8243; ca_delay=&#8220;180&#8243; ca_init_translate_y=&#8220;60&#8243; css=&#8220;.vc_custom_1610102029367{padding-top: 35px !important;padding-bottom: 35px !important;}&#8220;][\/vc_column][vc_column enable_column_shadowbox=&#8220;yes&#8220; [&hellip;]<\/p>\n","protected":false},"author":1,"featured_media":0,"parent":0,"menu_order":0,"comment_status":"closed","ping_status":"closed","template":"","meta":{"footnotes":""},"class_list":["post-1566","page","type-page","status-publish","hentry"],"_links":{"self":[{"href":"https:\/\/helios-stratos.hr\/de\/wp-json\/wp\/v2\/pages\/1566","targetHints":{"allow":["GET"]}}],"collection":[{"href":"https:\/\/helios-stratos.hr\/de\/wp-json\/wp\/v2\/pages"}],"about":[{"href":"https:\/\/helios-stratos.hr\/de\/wp-json\/wp\/v2\/types\/page"}],"author":[{"embeddable":true,"href":"https:\/\/helios-stratos.hr\/de\/wp-json\/wp\/v2\/users\/1"}],"replies":[{"embeddable":true,"href":"https:\/\/helios-stratos.hr\/de\/wp-json\/wp\/v2\/comments?post=1566"}],"version-history":[{"count":2,"href":"https:\/\/helios-stratos.hr\/de\/wp-json\/wp\/v2\/pages\/1566\/revisions"}],"predecessor-version":[{"id":1571,"href":"https:\/\/helios-stratos.hr\/de\/wp-json\/wp\/v2\/pages\/1566\/revisions\/1571"}],"wp:attachment":[{"href":"https:\/\/helios-stratos.hr\/de\/wp-json\/wp\/v2\/media?parent=1566"}],"curies":[{"name":"wp","href":"https:\/\/api.w.org\/{rel}","templated":true}]}}