{"id":1584,"date":"2024-02-01T15:21:41","date_gmt":"2024-02-01T15:21:41","guid":{"rendered":"https:\/\/helios-stratos.hr\/privacy-policy\/"},"modified":"2024-02-11T10:01:40","modified_gmt":"2024-02-11T10:01:40","slug":"privatsphare","status":"publish","type":"page","link":"https:\/\/helios-stratos.hr\/de\/privatsphare\/","title":{"rendered":"Privatsph\u00e4re"},"content":{"rendered":"<p>[vc_row gap=&#8220;0&#8243; content_placement=&#8220;middle&#8220; parallax=&#8220;enable_parallax&#8220; bg_position=&#8220;center center&#8220; enable_overlay=&#8220;yes&#8220; enable_row_dividers=&#8220;yes&#8220; responsive_css=&#8220;padding_top_large:300px|padding_bottom_large:200px&#8220; css=&#8220;.vc_custom_1707644665399{padding-top: 120px !important;padding-bottom: 100px !important;background-image: url(https:\/\/helios-stratos.hr\/wp-content\/uploads\/2024\/02\/adria_02.jpg?id=1577) !important;background-position: center;background-repeat: no-repeat !important;background-size: cover !important;}&#8220; overlay_bg=&#8220;rgba(0, 0, 0, 0.4)&#8220; el_class=&#8220;page_title&#8220; row_svg_divider=&#8220;bottom_shape_type:5|bottom_shape_color:%23ffffff|bottom_shape_height:199|bottom_shape_bringtofront:yes&#8220;][vc_column responsive_align=&#8220;text-center&#8220;]<style>.ld_fancy_heading_69ee482013173 h1{color:rgb(255, 255, 255);}.ld_fancy_heading_69ee482013173 h1 {font-size:36px; } @media (min-width: 768px) { .ld_fancy_heading_69ee482013173 h1 {font-size:50px; }  } .ld_fancy_heading_69ee482013173 .lqd-highlight-inner{height:0.275em!important;bottom:0px!important;}.ld_fancy_heading_69ee482013173 h1 {font-size:36px; } @media (min-width: 768px) { .ld_fancy_heading_69ee482013173 h1 {font-size:50px; }  } <\/style><div class=\"ld-fancy-heading text-center ld_fancy_heading_69ee482013173\">\n\t<h1 class=\"ld-fh-element lqd-highlight-underline lqd-highlight-grow-left text-decoration-default\"   >  Privatsph\u00e4re<\/h1><\/div>[vc_text_separator title=&#8220;\u2666&#8220; color=&#8220;white&#8220; border_width=&#8220;2&#8243; el_width=&#8220;30&#8243; el_class=&#8220;separator_white&#8220;]<style>.ld_fancy_heading_69ee4820136e8 div{color:rgb(255, 255, 255);}.ld_fancy_heading_69ee4820136e8 div {font-size:18px; } @media (min-width: 768px) { .ld_fancy_heading_69ee4820136e8 div {font-size:24px; }  } .ld_fancy_heading_69ee4820136e8 .lqd-highlight-inner{height:0.275em!important;bottom:0px!important;}.ld_fancy_heading_69ee4820136e8 div {font-size:18px; } @media (min-width: 768px) { .ld_fancy_heading_69ee4820136e8 div {font-size:24px; }  } <\/style><div class=\"ld-fancy-heading text-center ld_fancy_heading_69ee4820136e8\">\n\t<div class=\"ld-fh-element lqd-highlight-underline lqd-highlight-grow-left text-decoration-default\"   >  Diese Webseite verwendet Cookies.<br \/>Wir verwenden Cookies um Ihnen eine benutzerfreundliche und ungest\u00f6rte Erfahrung zu erm\u00f6glichen.<br \/>Bei Weiternutzung unserer Website erkl\u00e4ren Sie sich mit unserer Cookies-Policy einverstanden.<\/div><\/div>[\/vc_column][\/vc_row][vc_row css=&#8220;.vc_custom_1707644392436{padding-top: 70px !important;padding-bottom: 50px !important;}&#8220;][vc_column][vc_column_text]<\/p>\r\n<h3 class=\"wp-block-heading\"><strong>Datenschutzerkl\u00e4rung<\/strong><\/h3>\r\n<p>Wir freuen uns \u00fcber Ihren Besuch auf unserer Webseite. Da uns Ihre Privatsph\u00e4re wichtig ist, m\u00f6chten wir Sie gerne ausf\u00fchrlich \u00fcber den Umgang mit Ihren Daten informieren.<\/p>\r\n<p>Die Datenverarbeitung auf dieser Webseite erfolgt durch den Webseitenbetreiber. Die Kontaktdaten sind:<\/p>\r\n<p><strong>Helios Stratos d.o.o<\/strong><br \/>Cesta Dr. Franje Tu\u0111mana 1118<br \/>21217 Ka\u0161tel \u0160tafili\u0107, Hrvatska<br \/>Mob: +385 99 4441728<br \/>E-Mail: info@helios-stratos.hr<\/p>\r\n<p><strong>\u00a0<\/strong><\/p>\r\n<p><strong><u>Allgemeine Hinweise<\/u><\/strong><\/p>\r\n<p>Grunds\u00e4tzlich werden von uns keine pers\u00f6nlichen Daten gespeichert, wenn Sie unser Web-Angebot nutzen. Diese Daten werden nur erhoben, wenn Sie sie uns mitteilen \u00a0z.B. indem Sie unser Kontaktformular ausf\u00fcllen, buchen oder unseren Newsletter abonnieren. In diesem Fall werden Ihre pers\u00f6nlichen Daten (wie E-Mail, Adresse etc.) nur f\u00fcr\u00a0 individuelle Korrespondenz, Kundenbetreuung, Beantwortung Ihrer Anfragen und Informationsschreiben verwendet. Ihre Angaben werden ausschlie\u00dflich von uns genutzt \u00a0und selbstverst\u00e4ndlich vertraulich behandelt. Eine Weitergabe Ihrer personenbezogenen Daten erfolgt von uns h\u00f6chstens im Rahmen der Ausf\u00fchrung des Auftrags eingesetzte Dienstleister (Charterfirmen, Transporteur, Hafenmeister, Banken).<\/p>\r\n<p>Andere Daten werden beim Besuch der Webseite automatisch erfasst, das betrifft haupts\u00e4chlich \u00a0technische Daten (z.B. Internetbrowser, Betriebssystem oder Uhrzeit des Seitenaufrufs). Diese Daten sind anonym und werden ausschlie\u00dflich dazu verwendet unsere Webseite noch nutzerfreundlicher und effizienter zu machen und unser Angebot noch zu verbessern.<\/p>\r\n<p><strong><u>Newsletter<br \/><\/u><\/strong>Den Newsletters bekommen Sie nur mit Ihrer Einwilligung zugesandt, indem Sie sich daf\u00fcr anmelden. In diesem Fall werden Ihre Daten bis zum Widerruf bzw. der Abmeldung gespeichert. Die Einwilligung f\u00fcr die Zusendung des Newsletters k\u00f6nnen Sie selbstverst\u00e4ndlich jederzeit widerrufen.<\/p>\r\n<p><strong><u>Cookies<br \/><\/u><\/strong>Auf unserer Webseite werden auch Cookies eingesetzt. Cookies sind kleine Textdateien die der Browser des Besuchers der Website speichert und so die Wiedererkennung auf anonymer Basis erm\u00f6glicht. Cookies k\u00f6nnen in den Browsereinstellungen abgelehnt oder gel\u00f6scht werden, was jedoch die Funktionalit\u00e4t unserer Webseite einschr\u00e4nken kann.<\/p>\r\n<p><strong><u>Google Analytics<br \/><\/u><\/strong>Diese Webseite nutzt den Webanalysedienst Google Analytics. Google Analytics verwendet ebenfalls Cookies, die die erzeugten Informationen \u00fcber Ihre Benutzung dieser Webseite in der Regel an einen Server von Google in den USA \u00fcbertragen und dort speichern.<\/p>\r\n<p>Gem\u00e4\u00df den Nutzungsbedingungen von Google Analytics, an die sich alle Analytics-Nutzer halten m\u00fcssen, d\u00fcrfen keine personenbezogenen Daten an Google Analytics gesendet werden. Zu personenbezogenen Daten geh\u00f6ren alle Informationen, die Google verwenden k\u00f6nnte, um eine Person zu identifizieren, beispielsweise Name, E-Mail-Adresse und Zahlungsinformationen.<\/p>\r\n<p>Mehr Informationen zu Google Analytics finden Sie in der Datenschutzerkl\u00e4rung von Google:\u00a0<a href=\"https:\/\/support.google.com\/analytics\/answer\/6004245?hl=de\">https:\/\/support.google.com\/analytics\/answer\/6004245?hl=de<\/a>.<\/p>\r\n<p>Sie k\u00f6nnen die Erfassung Ihrer Daten durch Google Analytics mit folgendem Link verhindern, indem Sie das Browser Add-on herunterladen und installieren. Dadurch wird die Erfassung Ihrer Daten bei zuk\u00fcnftigen Besuchen verhindert:\u00a0<a href=\"https:\/\/tools.google.com\/dlpage\/gaoptout?hl=de\">Google Analytics deaktivieren<\/a>.<\/p>\r\n<p>Wir geben uns gro\u00dfe M\u00fche Ihre Daten zu sch\u00fctzen und die Bestimmungen der DSGVO zu erf\u00fcllen. Sollten Sie mit unserem Umgang mit Ihren Daten nicht zufrieden sein, bitten wir Sie sich mit uns in Kontakt zu setzen und wir werden uns umgehend darum k\u00fcmmern.<\/p>\r\n<p>Vielen Dank f\u00fcr Ihr Vertrauen und auf ein baldiges Wiedersehen.<\/p>\r\n<p>[\/vc_column_text][\/vc_column][\/vc_row]<\/p>","protected":false},"excerpt":{"rendered":"<p>[vc_row gap=&#8220;0&#8243; content_placement=&#8220;middle&#8220; parallax=&#8220;enable_parallax&#8220; bg_position=&#8220;center center&#8220; enable_overlay=&#8220;yes&#8220; enable_row_dividers=&#8220;yes&#8220; responsive_css=&#8220;padding_top_large:300px|padding_bottom_large:200px&#8220; css=&#8220;.vc_custom_1707644665399{padding-top: 120px !important;padding-bottom: 100px !important;background-image: url(https:\/\/helios-stratos.hr\/wp-content\/uploads\/2024\/02\/adria_02.jpg?id=1577) !important;background-position: center;background-repeat: no-repeat !important;background-size: cover !important;}&#8220; overlay_bg=&#8220;rgba(0, 0, 0, 0.4)&#8220; el_class=&#8220;page_title&#8220; row_svg_divider=&#8220;bottom_shape_type:5|bottom_shape_color:%23ffffff|bottom_shape_height:199|bottom_shape_bringtofront:yes&#8220;][vc_column responsive_align=&#8220;text-center&#8220;][vc_text_separator title=&#8220;\u2666&#8220; color=&#8220;white&#8220; border_width=&#8220;2&#8243; el_width=&#8220;30&#8243; el_class=&#8220;separator_white&#8220;][\/vc_column][\/vc_row][vc_row css=&#8220;.vc_custom_1707644392436{padding-top: 70px !important;padding-bottom: 50px !important;}&#8220;][vc_column][vc_column_text] Datenschutzerkl\u00e4rung Wir freuen uns \u00fcber Ihren Besuch auf unserer Webseite. Da uns Ihre Privatsph\u00e4re wichtig ist, m\u00f6chten [&hellip;]<\/p>\n","protected":false},"author":1,"featured_media":0,"parent":0,"menu_order":0,"comment_status":"closed","ping_status":"open","template":"","meta":{"footnotes":""},"class_list":["post-1584","page","type-page","status-publish","hentry"],"_links":{"self":[{"href":"https:\/\/helios-stratos.hr\/de\/wp-json\/wp\/v2\/pages\/1584","targetHints":{"allow":["GET"]}}],"collection":[{"href":"https:\/\/helios-stratos.hr\/de\/wp-json\/wp\/v2\/pages"}],"about":[{"href":"https:\/\/helios-stratos.hr\/de\/wp-json\/wp\/v2\/types\/page"}],"author":[{"embeddable":true,"href":"https:\/\/helios-stratos.hr\/de\/wp-json\/wp\/v2\/users\/1"}],"replies":[{"embeddable":true,"href":"https:\/\/helios-stratos.hr\/de\/wp-json\/wp\/v2\/comments?post=1584"}],"version-history":[{"count":1,"href":"https:\/\/helios-stratos.hr\/de\/wp-json\/wp\/v2\/pages\/1584\/revisions"}],"predecessor-version":[{"id":1590,"href":"https:\/\/helios-stratos.hr\/de\/wp-json\/wp\/v2\/pages\/1584\/revisions\/1590"}],"wp:attachment":[{"href":"https:\/\/helios-stratos.hr\/de\/wp-json\/wp\/v2\/media?parent=1584"}],"curies":[{"name":"wp","href":"https:\/\/api.w.org\/{rel}","templated":true}]}}