{"id":1555,"date":"2024-02-03T09:46:19","date_gmt":"2024-02-03T09:46:19","guid":{"rendered":"https:\/\/helios-stratos.hr\/base\/"},"modified":"2024-02-11T09:08:57","modified_gmt":"2024-02-11T09:08:57","slug":"baza","status":"publish","type":"page","link":"https:\/\/helios-stratos.hr\/hr\/baza\/","title":{"rendered":"Baza"},"content":{"rendered":"<p>[vc_row gap=&#8221;0&#8243; content_placement=&#8221;middle&#8221; parallax=&#8221;enable_parallax&#8221; bg_position=&#8221;center center&#8221; enable_overlay=&#8221;yes&#8221; enable_row_dividers=&#8221;yes&#8221; responsive_css=&#8221;padding_top_large:300px|padding_bottom_large:200px&#8221; css=&#8221;.vc_custom_1707316689275{padding-top: 120px !important;padding-bottom: 100px !important;background-image: url(https:\/\/helios-stratos.hr\/wp-content\/uploads\/2024\/02\/obala-1.jpg?id=537) !important;background-position: center;background-repeat: no-repeat !important;background-size: cover !important;}&#8221; overlay_bg=&#8221;rgba(0, 0, 0, 0.4)&#8221; el_class=&#8221;page_title&#8221; row_svg_divider=&#8221;bottom_shape_type:5|bottom_shape_color:%23ffffff|bottom_shape_height:199|bottom_shape_bringtofront:yes&#8221;][vc_column responsive_align=&#8221;text-center&#8221;]<style>.ld_fancy_heading_69ee31a54dd3c h1{color:rgb(255, 255, 255);}.ld_fancy_heading_69ee31a54dd3c h1 {font-size:36px; } @media (min-width: 768px) { .ld_fancy_heading_69ee31a54dd3c h1 {font-size:50px; }  } .ld_fancy_heading_69ee31a54dd3c .lqd-highlight-inner{height:0.275em!important;bottom:0px!important;}.ld_fancy_heading_69ee31a54dd3c h1 {font-size:36px; } @media (min-width: 768px) { .ld_fancy_heading_69ee31a54dd3c h1 {font-size:50px; }  } <\/style><div class=\"ld-fancy-heading text-center ld_fancy_heading_69ee31a54dd3c\">\n\t<h1 class=\"ld-fh-element lqd-highlight-underline lqd-highlight-grow-left text-decoration-default\"   >  Baza<\/h1><\/div>[vc_text_separator title=&#8221;\u2666&#8221; color=&#8221;white&#8221; border_width=&#8221;2&#8243; el_width=&#8221;30&#8243; el_class=&#8221;separator_white&#8221;]<style>.ld_fancy_heading_69ee31a54e116 div{color:rgb(255, 255, 255);}.ld_fancy_heading_69ee31a54e116 div {font-size:18px; } @media (min-width: 768px) { .ld_fancy_heading_69ee31a54e116 div {font-size:24px; }  } .ld_fancy_heading_69ee31a54e116 .lqd-highlight-inner{height:0.275em!important;bottom:0px!important;}.ld_fancy_heading_69ee31a54e116 div {font-size:18px; } @media (min-width: 768px) { .ld_fancy_heading_69ee31a54e116 div {font-size:24px; }  } <\/style><div class=\"ld-fancy-heading text-center ld_fancy_heading_69ee31a54e116\">\n\t<div class=\"ld-fh-element lqd-highlight-underline lqd-highlight-grow-left text-decoration-default\"   >  Marina Kremik \/ Primo\u0161ten<\/div><\/div>[\/vc_column][\/vc_row][vc_row full_width=&#8221;stretch_row&#8221; css=&#8221;.vc_custom_1707319896482{padding-top: 70px !important;padding-bottom: 0px !important;}&#8221;][vc_column enable_content_animation=&#8221;yes&#8221; ca_init_scale_x=&#8221;1&#8243; ca_init_scale_y=&#8221;1&#8243; ca_init_opacity=&#8221;0&#8243; ca_an_scale_x=&#8221;1&#8243; ca_an_scale_y=&#8221;1&#8243; ca_an_opacity=&#8221;1&#8243; ca_init_scale_z=&#8221;1&#8243; ca_an_scale_z=&#8221;1&#8243; align=&#8221;text-center&#8221; css=&#8221;.vc_custom_1707239026831{margin-bottom: 40px !important;}&#8221; ca_duration=&#8221;1800&#8243; ca_delay=&#8221;180&#8243; ca_init_translate_y=&#8221;60&#8243; responsive_css=&#8221;margin_bottom_medium:55px|padding_right_medium:7%25|padding_left_medium:7%25&#8243; responsive_align=&#8221;text-md-center&#8221;]<style>.ld_fancy_heading_69ee31a54e47a h2 {margin-bottom:0.35em !important;  } .ld_fancy_heading_69ee31a54e47a .lqd-highlight-inner{height:0.275em!important;bottom:0px!important;}.ld_fancy_heading_69ee31a54e47a h2 {margin-bottom:0.35em !important;  } <\/style><div class=\"ld-fancy-heading text-center ld_fancy_heading_69ee31a54e47a\">\n\t<h2 class=\"ld-fh-element lqd-highlight-underline lqd-highlight-grow-left text-decoration-default\"   >  Marina Kremik<\/h2><\/div><style>.ld_fancy_heading_69ee31a54e815 p {font-size:17px; } @media (min-width: 992px) { .ld_fancy_heading_69ee31a54e815 p {font-size:20px; }  } .ld_fancy_heading_69ee31a54e815 p {line-height:25px; } @media (min-width: 992px) { .ld_fancy_heading_69ee31a54e815 p {line-height:34px; }  } .ld_fancy_heading_69ee31a54e815 p {--element-line-height:25px; } @media (min-width: 992px) { .ld_fancy_heading_69ee31a54e815 p {--element-line-height:34px; }  } .ld_fancy_heading_69ee31a54e815 .lqd-highlight-inner{height:0.275em!important;bottom:0px!important;}.ld_fancy_heading_69ee31a54e815 p {font-size:17px; } @media (min-width: 992px) { .ld_fancy_heading_69ee31a54e815 p {font-size:20px; }  } .ld_fancy_heading_69ee31a54e815 p {line-height:25px; } @media (min-width: 992px) { .ld_fancy_heading_69ee31a54e815 p {line-height:34px; }  } .ld_fancy_heading_69ee31a54e815 p {--element-line-height:25px; } @media (min-width: 992px) { .ld_fancy_heading_69ee31a54e815 p {--element-line-height:34px; }  } <\/style><div class=\"ld-fancy-heading text-center ld_fancy_heading_69ee31a54e815\">\n\t<p class=\"ld-fh-element lqd-highlight-underline lqd-highlight-grow-left text-decoration-default\"   >  <strong>Primo\u0161ten (43\u00b034&#8217;15&#8221;N; 15\u00b056&#8217;31&#8221;E)<\/strong><\/p>\n<p>U sredi\u0161njem dijelu hrvatske obale, u srednjoj Dalmaciji nalazi se marina Kremik, smje\u0161tena u dubokoj i sigurnoj uvali kod Primo\u0161tena.<\/p><\/div><style>.ld_spacer_69ee31a54ea06{height:32px;}<\/style>\n<div class=\"ld-empty-space ld_spacer_69ee31a54ea06\"><\/div>[vc_row_inner gap=&#8221;10&#8243;][vc_column_inner width=&#8221;1\/4&#8243;][vc_single_image image=&#8221;691&#8243; alignment=&#8221;center&#8221; css=&#8221;.vc_custom_1707320182869{margin-bottom: 10px !important;}&#8221;][\/vc_column_inner][vc_column_inner width=&#8221;1\/4&#8243;][vc_single_image image=&#8221;692&#8243; alignment=&#8221;center&#8221; css=&#8221;.vc_custom_1707320204712{margin-bottom: 10px !important;}&#8221;][\/vc_column_inner][vc_column_inner width=&#8221;1\/4&#8243;][vc_single_image image=&#8221;693&#8243; alignment=&#8221;center&#8221; css=&#8221;.vc_custom_1707320214683{margin-bottom: 10px !important;}&#8221;][\/vc_column_inner][vc_column_inner width=&#8221;1\/4&#8243;][vc_single_image image=&#8221;694&#8243; alignment=&#8221;center&#8221; css=&#8221;.vc_custom_1707320225545{margin-bottom: 10px !important;}&#8221;][\/vc_column_inner][\/vc_row_inner][\/vc_column][\/vc_row][vc_row gap=&#8221;30&#8243; content_placement=&#8221;middle&#8221; css=&#8221;.vc_custom_1707319885514{padding-top: 50px !important;padding-bottom: 50px !important;background-color: #f7f7f7 !important;}&#8221;][vc_column width=&#8221;1\/2&#8243;][vc_single_image image=&#8221;707&#8243; alignment=&#8221;center&#8221; css=&#8221;.vc_custom_1707320018810{margin-bottom: 10px !important;}&#8221;]<style>.ld_fancy_heading_69ee31a54ebdd .lqd-highlight-inner{height:0.275em!important;bottom:0px!important;}<\/style><div class=\"ld-fancy-heading text-center ld_fancy_heading_69ee31a54ebdd\">\n\t<p class=\"ld-fh-element lqd-highlight-underline lqd-highlight-grow-left text-decoration-default\"   >  <strong>Na\u0161a lokacija u Marini Kremik<\/strong><\/p><\/div>[\/vc_column][vc_column width=&#8221;1\/2&#8243;]<style>.ld_fancy_heading_69ee31a54ee2f p {font-size:17px; } @media (min-width: 992px) { .ld_fancy_heading_69ee31a54ee2f p {font-size:20px; }  } .ld_fancy_heading_69ee31a54ee2f p {line-height:25px; } @media (min-width: 992px) { .ld_fancy_heading_69ee31a54ee2f p {line-height:34px; }  } .ld_fancy_heading_69ee31a54ee2f p {--element-line-height:25px; } @media (min-width: 992px) { .ld_fancy_heading_69ee31a54ee2f p {--element-line-height:34px; }  } .ld_fancy_heading_69ee31a54ee2f .lqd-highlight-inner{height:0.275em!important;bottom:0px!important;}.ld_fancy_heading_69ee31a54ee2f p {font-size:17px; } @media (min-width: 992px) { .ld_fancy_heading_69ee31a54ee2f p {font-size:20px; }  } .ld_fancy_heading_69ee31a54ee2f p {line-height:25px; } @media (min-width: 992px) { .ld_fancy_heading_69ee31a54ee2f p {line-height:34px; }  } .ld_fancy_heading_69ee31a54ee2f p {--element-line-height:25px; } @media (min-width: 992px) { .ld_fancy_heading_69ee31a54ee2f p {--element-line-height:34px; }  } <\/style><div class=\"ld-fancy-heading text-left ld_fancy_heading_69ee31a54ee2f\">\n\t<p class=\"ld-fh-element lqd-highlight-underline lqd-highlight-grow-left text-decoration-default\"   >  Marina je opremljena po najvi\u0161im tehni\u010dkim standardima te time ulazi u krug najboljih u Hrvatskoj. Jedinstvena kombinacija ove regije u koju ubrajamo bogatu kulturnu ba\u0161tinu, toplina i gostoprimstvo doma\u0107ih ljudi i izuzetno povoljna nanuti\u010dka lokacija \u010dine marinu idealnom polazi\u0161nom to\u010dkom.<\/p>\n<p>Blizina zra\u010dne luke Split (udaljena 30 minuta vo\u017enje s autom) i ve\u0107 svima poznata autocesta \u201eDalmatina\u201c osiguravaju brzu i laganu dostupnost.<\/p><\/div>[\/vc_column][\/vc_row][vc_row full_width=&#8221;stretch_row&#8221; gap=&#8221;0&#8243;][vc_column][vc_raw_html]JTNDaWZyYW1lJTIwc2FuZGJveCUzRCUyMmFsbG93LXNjcmlwdHMlMjBhbGxvdy1wb3B1cHMlMjIlMjBzcmMlM0QlMjJodHRwcyUzQSUyRiUyRnd3dy5nb29nbGUuY29tJTJGbWFwcyUyRmVtYmVkJTNGcGIlM0QlMjExbTE4JTIxMW0xMiUyMTFtMyUyMTFkNDM5MjA1LjM0NTMwOTU3MDE0JTIxMmQxNS41MzQxODEzNDc5MDYzMDUlMjEzZDQzLjY4MjI1OTA1NTQ0NDQ4JTIxMm0zJTIxMWYwJTIxMmYwJTIxM2YwJTIxM20yJTIxMWkxMDI0JTIxMmk3NjglMjE0ZjEzLjElMjEzbTMlMjExbTIlMjExczB4MTMzNTE5MWIyNTdhNzYzYiUyNTNBMHg4NThkMGQyZGIwZDI5NmNmJTIxMnNNYXJpbmElMjUyMEtyZW1payUyNTIwZC5vLm8uJTIxNWUwJTIxM20yJTIxMXNociUyMTJzaHIlMjE0djE3MDcyNjAyODU2NTYlMjE1bTIlMjExc2hyJTIxMnNociUyMiUyMHdpZHRoJTNEJTIyMTAwJTI1JTIyJTIwaGVpZ2h0JTNEJTIyNDUwJTIyJTIwc3R5bGUlM0QlMjJib3JkZXIlM0EwJTNCJTIyJTIwYWxsb3dmdWxsc2NyZWVuJTNEJTIyJTIyJTIwbG9hZGluZyUzRCUyMmxhenklMjIlMjByZWZlcnJlcnBvbGljeSUzRCUyMm5vLXJlZmVycmVyLXdoZW4tZG93bmdyYWRlJTIyJTNFJTNDJTJGaWZyYW1lJTNF[\/vc_raw_html][\/vc_column][\/vc_row][vc_row gap=&#8221;30&#8243; css=&#8221;.vc_custom_1707321306879{padding-top: 30px !important;padding-bottom: 50px !important;}&#8221;][vc_column width=&#8221;1\/4&#8243;][vc_single_image image=&#8221;695&#8243; alignment=&#8221;center&#8221; onclick=&#8221;custom_link&#8221; enable_link=&#8221;enable_image_link&#8221; enable_opacity=&#8221;yes&#8221; opacity=&#8221;0.85&#8243; css=&#8221;.vc_custom_1707321217773{margin-bottom: 10px !important;}&#8221; link=&#8221;url:https%3A%2F%2Fmaps.app.goo.gl%2Fyw1Au92w1y91nCGu5||target:%20_blank|&#8221;]<style>.ld_spacer_69ee31a54efc6{height:32px;}<\/style>\n<div class=\"ld-empty-space ld_spacer_69ee31a54efc6\"><\/div><div  class=\"lqd-simple-heading-wrap ld_simple_heading_69ee31a54f0ad\">\n<h5 class=\"lqd-simple-heading\">\n\tUdaljenost izme\u0111u Marine Kremik i ve\u0107ih hrvatskih gradova:<\/h5>\n<\/div>[vc_column_text]<\/p>\n<ul>\n<li>Primo\u0161ten\u00a02 km<\/li>\n<li>\u0160ibenik\u00a025 km<\/li>\n<li>Trogir 25 km<\/li>\n<li>Split\u00a050 km<\/li>\n<li>Dubrovnik 285 km<\/li>\n<li>Zadar 106 km<\/li>\n<li>Zagreb 348 km<\/li>\n<\/ul>\n<p>[\/vc_column_text][\/vc_column][vc_column width=&#8221;1\/4&#8243;][vc_single_image image=&#8221;696&#8243; alignment=&#8221;center&#8221; onclick=&#8221;custom_link&#8221; enable_link=&#8221;enable_image_link&#8221; enable_opacity=&#8221;yes&#8221; opacity=&#8221;0.85&#8243; css=&#8221;.vc_custom_1707321226806{margin-bottom: 10px !important;}&#8221; link=&#8221;url:https%3A%2F%2Fmaps.app.goo.gl%2Fo2hUBZyXrGjQcj68A||target:%20_blank|&#8221;]<style>.ld_spacer_69ee31a54f18e{height:32px;}<\/style>\n<div class=\"ld-empty-space ld_spacer_69ee31a54f18e\"><\/div><div  class=\"lqd-simple-heading-wrap ld_simple_heading_69ee31a54f23f\">\n<h5 class=\"lqd-simple-heading\">\n\tUdaljenost izme\u0111u Marine Kremik i ve\u0107ih europskih gradova:<\/h5>\n<\/div>[vc_column_text]<\/p>\n<ul>\n<li>Be\u0107 730 km<\/li>\n<li>Graz 531 km<\/li>\n<li>Budimpe\u0161ta 703 km<\/li>\n<li>Prag 1010 km<\/li>\n<li>Var\u0161ava 1384 km<\/li>\n<li>Berlin 1347 km<\/li>\n<li>M\u00fcnchen 813 km<\/li>\n<\/ul>\n<p>[\/vc_column_text][\/vc_column][vc_column width=&#8221;1\/4&#8243;][vc_single_image image=&#8221;697&#8243; alignment=&#8221;center&#8221; onclick=&#8221;custom_link&#8221; enable_link=&#8221;enable_image_link&#8221; enable_opacity=&#8221;yes&#8221; opacity=&#8221;0.85&#8243; css=&#8221;.vc_custom_1707321235579{margin-bottom: 10px !important;}&#8221; link=&#8221;url:http%3A%2F%2Fwww.auto-karta-hrvatske.com%2F||target:%20_blank|&#8221;]<style>.ld_spacer_69ee31a54f30a{height:32px;}<\/style>\n<div class=\"ld-empty-space ld_spacer_69ee31a54f30a\"><\/div><div  class=\"lqd-simple-heading-wrap ld_simple_heading_69ee31a54f3be\">\n<h5 class=\"lqd-simple-heading\">\n\tKako do\u0107i do nas s autom?<\/h5>\n<\/div>[vc_column_text]<\/p>\n<p class=\"subtitle\"><strong>1. Autocesta Dalmatina A1<\/strong><br \/>\nZagreb \u2013 Karlovac \u2013 Bosiljevo \u2013 Gospi\u0107 \u2013 Zadar \u2013 \u0160ibenik \u2013 Primo\u0161ten \u2013 Marina Kremik<br \/>\nUzeti izlaz kod \u0160ibenika i pratiti putokaz prema Primo\u0161tenu uz more magistralom&#8230; ili<\/p>\n<p class=\"subtitle\"><strong>2. Jadranska magistrala<\/strong><br \/>\nRijeka \u2013 Senj \u2013 Karlobag \u2013 Zadar \u2013 \u0160ibenik \u2013 Primo\u0161ten \u2013 Marina Kremik.<br \/>\nIli planirajte rutu preko:\u00a0<a href=\"https:\/\/www.viamichelin.com\/web\/Maps?address=Marina%20Kremik%2C%2022202%20Primo%C5%A1ten%2C%20Croatia\" target=\"_blank\" rel=\"noopener\">www.viamichelin.com<\/a><\/p>\n<p>[\/vc_column_text][\/vc_column][vc_column width=&#8221;1\/4&#8243;][vc_single_image image=&#8221;698&#8243; alignment=&#8221;center&#8221; onclick=&#8221;custom_link&#8221; enable_link=&#8221;enable_image_link&#8221; enable_opacity=&#8221;yes&#8221; opacity=&#8221;0.85&#8243; css=&#8221;.vc_custom_1707321243889{margin-bottom: 10px !important;}&#8221; link=&#8221;url:http%3A%2F%2Fwww.split-airport.hr%2Findex.php%3Flang%3Dhr||target:%20_blank|&#8221;]<style>.ld_spacer_69ee31a54f4b1{height:32px;}<\/style>\n<div class=\"ld-empty-space ld_spacer_69ee31a54f4b1\"><\/div><div  class=\"lqd-simple-heading-wrap ld_simple_heading_69ee31a54f576\">\n<h5 class=\"lqd-simple-heading\">\n\tKako do\u0107i do nas s avionom<\/h5>\n<\/div>[vc_column_text]<\/p>\n<header>\n<header>Marina Kremik je sa svim ve\u0107im europskim gradovima povezana sa zra\u010dnim linijama. Zra\u010dna luka Split udaljena je svega 30 km od marine pa je po dolasku u zra\u010dnu luku 30-tak minuta vo\u017enje automobilom dovoljno za putovanje do marine. Postoje\u0107e zra\u010dne linije sa ve\u0107im europskim gradovima su<\/header>\n<ul>\n<li>G\u00f6teborg<\/li>\n<li>Berlin<\/li>\n<li>Prag<\/li>\n<li>Amsterdam<\/li>\n<li>Frankfurt<\/li>\n<li>Paris<\/li>\n<li>London<\/li>\n<li>Manchester<\/li>\n<li>Madrid<\/li>\n<\/ul>\n<\/header>\n<p>[\/vc_column_text][\/vc_column][\/vc_row]<\/p>\n","protected":false},"excerpt":{"rendered":"<p>[vc_row gap=&#8221;0&#8243; content_placement=&#8221;middle&#8221; parallax=&#8221;enable_parallax&#8221; bg_position=&#8221;center center&#8221; enable_overlay=&#8221;yes&#8221; enable_row_dividers=&#8221;yes&#8221; responsive_css=&#8221;padding_top_large:300px|padding_bottom_large:200px&#8221; css=&#8221;.vc_custom_1707316689275{padding-top: 120px !important;padding-bottom: 100px !important;background-image: url(https:\/\/helios-stratos.hr\/wp-content\/uploads\/2024\/02\/obala-1.jpg?id=537) !important;background-position: center;background-repeat: no-repeat !important;background-size: cover !important;}&#8221; overlay_bg=&#8221;rgba(0, 0, 0, 0.4)&#8221; el_class=&#8221;page_title&#8221; row_svg_divider=&#8221;bottom_shape_type:5|bottom_shape_color:%23ffffff|bottom_shape_height:199|bottom_shape_bringtofront:yes&#8221;][vc_column responsive_align=&#8221;text-center&#8221;][vc_text_separator title=&#8221;\u2666&#8221; color=&#8221;white&#8221; border_width=&#8221;2&#8243; el_width=&#8221;30&#8243; el_class=&#8221;separator_white&#8221;][\/vc_column][\/vc_row][vc_row full_width=&#8221;stretch_row&#8221; css=&#8221;.vc_custom_1707319896482{padding-top: 70px !important;padding-bottom: 0px !important;}&#8221;][vc_column enable_content_animation=&#8221;yes&#8221; ca_init_scale_x=&#8221;1&#8243; ca_init_scale_y=&#8221;1&#8243; ca_init_opacity=&#8221;0&#8243; ca_an_scale_x=&#8221;1&#8243; ca_an_scale_y=&#8221;1&#8243; ca_an_opacity=&#8221;1&#8243; ca_init_scale_z=&#8221;1&#8243; ca_an_scale_z=&#8221;1&#8243; align=&#8221;text-center&#8221; css=&#8221;.vc_custom_1707239026831{margin-bottom: 40px !important;}&#8221; ca_duration=&#8221;1800&#8243; ca_delay=&#8221;180&#8243; ca_init_translate_y=&#8221;60&#8243; [&hellip;]<\/p>\n","protected":false},"author":1,"featured_media":0,"parent":0,"menu_order":0,"comment_status":"closed","ping_status":"closed","template":"","meta":{"footnotes":""},"class_list":["post-1555","page","type-page","status-publish","hentry"],"_links":{"self":[{"href":"https:\/\/helios-stratos.hr\/hr\/wp-json\/wp\/v2\/pages\/1555","targetHints":{"allow":["GET"]}}],"collection":[{"href":"https:\/\/helios-stratos.hr\/hr\/wp-json\/wp\/v2\/pages"}],"about":[{"href":"https:\/\/helios-stratos.hr\/hr\/wp-json\/wp\/v2\/types\/page"}],"author":[{"embeddable":true,"href":"https:\/\/helios-stratos.hr\/hr\/wp-json\/wp\/v2\/users\/1"}],"replies":[{"embeddable":true,"href":"https:\/\/helios-stratos.hr\/hr\/wp-json\/wp\/v2\/comments?post=1555"}],"version-history":[{"count":1,"href":"https:\/\/helios-stratos.hr\/hr\/wp-json\/wp\/v2\/pages\/1555\/revisions"}],"predecessor-version":[{"id":1557,"href":"https:\/\/helios-stratos.hr\/hr\/wp-json\/wp\/v2\/pages\/1555\/revisions\/1557"}],"wp:attachment":[{"href":"https:\/\/helios-stratos.hr\/hr\/wp-json\/wp\/v2\/media?parent=1555"}],"curies":[{"name":"wp","href":"https:\/\/api.w.org\/{rel}","templated":true}]}}