{"id":1643,"date":"2024-02-03T09:52:54","date_gmt":"2024-02-03T09:52:54","guid":{"rendered":"https:\/\/helios-stratos.hr\/flota\/adora-2013\/"},"modified":"2026-01-10T10:03:49","modified_gmt":"2026-01-10T10:03:49","slug":"adora-2013","status":"publish","type":"page","link":"https:\/\/helios-stratos.hr\/hr\/flota\/adora-2013\/","title":{"rendered":"&#8220;Adora&#8221; (2013)"},"content":{"rendered":"<p>[vc_row gap=&#8221;0&#8243; content_placement=&#8221;middle&#8221; parallax=&#8221;enable_parallax&#8221; bg_position=&#8221;center center&#8221; enable_overlay=&#8221;yes&#8221; enable_row_dividers=&#8221;yes&#8221; responsive_css=&#8221;padding_top_large:300px|padding_bottom_large:200px&#8221; css=&#8221;.vc_custom_1707415354044{padding-top: 120px !important;padding-bottom: 100px !important;background-image: url(https:\/\/helios-stratos.hr\/wp-content\/uploads\/2024\/02\/Adora_00.jpg?id=1072) !important;background-position: center;background-repeat: no-repeat !important;background-size: cover !important;}&#8221; overlay_bg=&#8221;rgba(0, 0, 0, 0.4)&#8221; el_class=&#8221;page_title&#8221; row_svg_divider=&#8221;bottom_shape_type:5|bottom_shape_color:%23ffffff|bottom_shape_height:199|bottom_shape_bringtofront:yes&#8221;][vc_column responsive_align=&#8221;text-center&#8221;]<style>.ld_fancy_heading_69ee37a7ab299 h1{color:rgb(255, 255, 255);}.ld_fancy_heading_69ee37a7ab299 h1 {font-size:36px; } @media (min-width: 768px) { .ld_fancy_heading_69ee37a7ab299 h1 {font-size:50px; }  } .ld_fancy_heading_69ee37a7ab299 .lqd-highlight-inner{height:0.275em!important;bottom:0px!important;}.ld_fancy_heading_69ee37a7ab299 h1 {font-size:36px; } @media (min-width: 768px) { .ld_fancy_heading_69ee37a7ab299 h1 {font-size:50px; }  } <\/style><div class=\"ld-fancy-heading text-center ld_fancy_heading_69ee37a7ab299\">\n\t<h1 class=\"ld-fh-element lqd-highlight-underline lqd-highlight-grow-left text-decoration-default\"   >  \u201cAdora\u201d (2013)<\/h1><\/div>[vc_text_separator title=&#8221;&#x2666;&#8221; color=&#8221;white&#8221; border_width=&#8221;2&#8243; el_width=&#8221;30&#8243; el_class=&#8221;separator_white&#8221;]<style>.ld_fancy_heading_69ee37a7abcc7 div{color:rgb(255, 255, 255);}.ld_fancy_heading_69ee37a7abcc7 div {font-size:18px; } @media (min-width: 768px) { .ld_fancy_heading_69ee37a7abcc7 div {font-size:24px; }  } .ld_fancy_heading_69ee37a7abcc7 .lqd-highlight-inner{height:0.275em!important;bottom:0px!important;}.ld_fancy_heading_69ee37a7abcc7 div {font-size:18px; } @media (min-width: 768px) { .ld_fancy_heading_69ee37a7abcc7 div {font-size:24px; }  } <\/style><div class=\"ld-fancy-heading text-center ld_fancy_heading_69ee37a7abcc7\">\n\t<div class=\"ld-fh-element lqd-highlight-underline lqd-highlight-grow-left text-decoration-default\"   >  Bavaria 36 C<\/div><\/div>[\/vc_column][\/vc_row][vc_row gap=&#8221;30&#8243; css=&#8221;.vc_custom_1707322628071{padding-top: 70px !important;padding-bottom: 50px !important;}&#8221;][vc_column][vc_media_grid element_width=&#8221;2&#8243; grid_id=&#8221;vc_gid:1768039410082-f7be041e-ddc3-7&#8243; include=&#8221;1214,1217,1220,1223,1226,1229,1232,1235,1238,1241,1244,1247&#8243; el_class=&#8221;gall&#8221;][\/vc_column][\/vc_row][vc_row css=&#8221;.vc_custom_1707414797589{margin-bottom: 50px !important;padding-top: 50px !important;padding-bottom: 50px !important;background-color: #f4f4f4 !important;}&#8221;][vc_column][vc_raw_html css=&#8221;.vc_custom_1707494717572{margin-bottom: 0px !important;padding-right: 15px !important;padding-left: 15px !important;}&#8221;]JTNDaWZyYW1lJTIwd2lkdGglM0QlMjIxMDAlMjUlMjIlMjBoZWlnaHQlM0QlMjI2NDAlMjIlMjBmcmFtZWJvcmRlciUzRCUyMjAlMjIlMjBhbGxvdyUzRCUyMnhyLXNwYXRpYWwtdHJhY2tpbmclM0IlMjBneXJvc2NvcGUlM0IlMjBhY2NlbGVyb21ldGVyJTIyJTIwYWxsb3dmdWxsc2NyZWVuJTIwc2Nyb2xsaW5nJTNEJTIybm8lMjIlMjBzcmMlM0QlMjJodHRwcyUzQSUyRiUyRmt1dWxhLmNvJTJGc2hhcmUlMkZjb2xsZWN0aW9uJTJGNzlITkMlM0Zsb2dvJTNEMSUyNmluZm8lM0QwJTI2bG9nb3NpemUlM0QyMDAlMjZmcyUzRDElMjZ2ciUzRDElMjZzZCUzRDElMjZpbml0bG9hZCUzRDAlMjZ0aHVtYnMlM0QxJTIyJTNFJTNDJTJGaWZyYW1lJTNFJTIw[\/vc_raw_html][\/vc_column][\/vc_row][vc_row gap=&#8221;30&#8243;][vc_column width=&#8221;1\/2&#8243;]<div  class=\"lqd-simple-heading-wrap ld_simple_heading_69ee37a7ac390\">\n<h3 class=\"lqd-simple-heading\">\n\tCjenik 2026<\/h3>\n<\/div>[vc_column_text]<\/p>\n<table style=\"height: 563px;\" width=\"189\">\n<tbody>\n<tr>\n<td><strong>do 24.04.<\/strong><\/td>\n<td>1200 \u20ac<\/td>\n<\/tr>\n<tr>\n<td><strong>25.04. &#8211; 01.05. <\/strong><\/td>\n<td>1350 \u20ac<\/td>\n<\/tr>\n<tr>\n<td><strong>02.05. &#8211; 15.05. <\/strong><\/td>\n<td>1550 \u20ac<\/td>\n<\/tr>\n<tr>\n<td><strong>16.05. &#8211; 22.05. <\/strong><\/td>\n<td>1800 \u20ac<\/td>\n<\/tr>\n<tr>\n<td><strong>23.05. -05.06.<\/strong><\/td>\n<td>1950 \u20ac<\/td>\n<\/tr>\n<tr>\n<td><strong>06.06. &#8211; 12.06. <\/strong><\/td>\n<td>2100 \u20ac<\/td>\n<\/tr>\n<tr>\n<td><strong>13.06. &#8211; 19.06. <\/strong><\/td>\n<td>2300 \u20ac<\/td>\n<\/tr>\n<tr>\n<td><strong>20.06. &#8211; 26.06.<\/strong><\/td>\n<td>2400 \u20ac<\/td>\n<\/tr>\n<tr>\n<td><strong>27.06. &#8211; 03.07. <\/strong><\/td>\n<td>2550 \u20ac<\/td>\n<\/tr>\n<tr>\n<td><strong>04.07. &#8211; 17.07. <\/strong><\/td>\n<td>2650 \u20ac<\/td>\n<\/tr>\n<tr>\n<td><strong>18.07. &#8211; 14.08. <\/strong><\/td>\n<td>2750 \u20ac<\/td>\n<\/tr>\n<tr>\n<td><strong>15.08. &#8211; 21.08. <\/strong><\/td>\n<td>2450 \u20ac<\/td>\n<\/tr>\n<tr>\n<td><strong>22.08. &#8211; 28.08. <\/strong><\/td>\n<td>2350 \u20ac<\/td>\n<\/tr>\n<tr>\n<td><strong>29<\/strong><strong>. 08.- 04.09. <\/strong><\/td>\n<td>2250 \u20ac<\/td>\n<\/tr>\n<tr>\n<td><strong>05.09.-11.09.<\/strong><\/td>\n<td>2100 \u20ac<\/td>\n<\/tr>\n<tr>\n<td><strong>12.09. &#8211; 18.09<\/strong><\/td>\n<td>1980 \u20ac<\/td>\n<\/tr>\n<tr>\n<td><strong>19.09.-25.09.<\/strong><\/td>\n<td>1785 \u20ac<\/td>\n<\/tr>\n<tr>\n<td><strong>26.09.-02.10.<\/strong><\/td>\n<td>1365 \u20ac<\/td>\n<\/tr>\n<tr>\n<td><strong>03.10.- 09.10<\/strong><\/td>\n<td>1250 \u20ac<\/td>\n<\/tr>\n<tr>\n<td><strong>od 10.10<\/strong><\/td>\n<td>1100 \u20ac<\/td>\n<\/tr>\n<\/tbody>\n<\/table>\n<p><strong>DEPOSIT 1500 \u20ac<\/strong>[\/vc_column_text][\/vc_column][vc_column width=&#8221;1\/2&#8243;]<div  class=\"lqd-simple-heading-wrap ld_simple_heading_69ee37a7ac532\">\n<h3 class=\"lqd-simple-heading\">\n\tPregled<\/h3>\n<\/div>[vc_column_text]<\/p>\n<table width=\"288\" cellspacing=\"3\" cellpadding=\"3\">\n<tbody>\n<tr>\n<td bgcolor=\"#F1F1F1\" width=\"114\"><strong> Godina proizvodnje: <\/strong><\/td>\n<td align=\"left\" bgcolor=\"#F1F1F1\" width=\"114\">2013<\/td>\n<\/tr>\n<tr>\n<td bgcolor=\"#FFFFFF\"><strong> Du\u017eina preko svega: <\/strong><\/td>\n<td align=\"left\" bgcolor=\"#FFFFFF\">11,30 m<\/td>\n<\/tr>\n<tr>\n<td bgcolor=\"#F1F1F1\"><strong> \u0160irina: <\/strong><\/td>\n<td align=\"left\" bgcolor=\"#F1F1F1\">3.69 m<\/td>\n<\/tr>\n<tr>\n<td bgcolor=\"#FFFFFF\"><strong> Gaz: <\/strong><\/td>\n<td align=\"left\" bgcolor=\"#FFFFFF\">2 m<\/td>\n<\/tr>\n<tr>\n<td bgcolor=\"#F1F1F1\"><strong> Motor: <\/strong><\/td>\n<td align=\"left\" bgcolor=\"#F1F1F1\">Volvo Penta<\/td>\n<\/tr>\n<tr>\n<td bgcolor=\"#FFFFFF\"><strong> Snaga motora: <\/strong><\/td>\n<td align=\"left\" bgcolor=\"#FFFFFF\">30 HP<\/td>\n<\/tr>\n<tr>\n<td bgcolor=\"#F1F1F1\"><strong> Tank goriva: <\/strong><\/td>\n<td align=\"left\" bgcolor=\"#F1F1F1\">150 l<\/td>\n<\/tr>\n<tr>\n<td bgcolor=\"#FFFFFF\"><strong> Tank vode: <\/strong><\/td>\n<td align=\"left\" bgcolor=\"#FFFFFF\">360 l<\/td>\n<\/tr>\n<tr>\n<td bgcolor=\"#F1F1F1\"><strong> Broj kabina: <\/strong><\/td>\n<td align=\"left\" bgcolor=\"#F1F1F1\">3<\/td>\n<\/tr>\n<tr>\n<td bgcolor=\"#FFFFFF\"><strong> Broj le\u017eaja: <\/strong><\/td>\n<td align=\"left\" bgcolor=\"#FFFFFF\">6+1<\/td>\n<\/tr>\n<tr>\n<td bgcolor=\"#F1F1F1\"><strong> Broj toaleta\/WC: <\/strong><\/td>\n<td align=\"left\" bgcolor=\"#F1F1F1\">1<\/td>\n<\/tr>\n<tr>\n<td bgcolor=\"#FFFFFF\"><strong> Roll genoa i glavno jedro: <\/strong><\/td>\n<td align=\"left\" bgcolor=\"#FFFFFF\">ca. 69 m2<\/td>\n<\/tr>\n<\/tbody>\n<\/table>\n<p>[\/vc_column_text][\/vc_column][vc_column]<style>.ld_spacer_69ee37a7ac655{height:32px;}<\/style>\n<div class=\"ld-empty-space ld_spacer_69ee37a7ac655\"><\/div>[vc_column_text]<strong>Plus obavezna boravi\u0161na pristojba<\/strong>: 1,33\u20ac po osobi i danu<br \/>\nSve cijene su u eurima po tjednu. Cijene uklju\u010duju hrvatski PDV.[\/vc_column_text]<style>.ld_spacer_69ee37a7ac744{height:32px;}<\/style>\n<div class=\"ld-empty-space ld_spacer_69ee37a7ac744\"><\/div>[\/vc_column][\/vc_row][vc_row gap=&#8221;10&#8243; equal_height=&#8221;yes&#8221; el_class=&#8221;alternate_cells&#8221; css=&#8221;.vc_custom_1707340275162{padding-bottom: 50px !important;}&#8221;][vc_column width=&#8221;1\/3&#8243;]<div  class=\"lqd-simple-heading-wrap ld_simple_heading_69ee37a7ac7e0\">\n<h4 class=\"lqd-simple-heading\">\n\tOp\u0107e informacije<\/h4>\n<\/div><style>.ld_spacer_69ee37a7ac917{height:10px;}<\/style>\n<div class=\"ld-empty-space ld_spacer_69ee37a7ac917\"><\/div>[vc_column_text]<strong>Marina:\u00a0<\/strong>Marina Kremik, Primo\u0161ten<\/p>\n<p><strong>Check in:<\/strong> Subota do 17:00 h<\/p>\n<p><strong>Povratak u marinu:<\/strong> Petak do 18:00 h<\/p>\n<p><strong>Check out:<\/strong> Subota do 09:00 h[\/vc_column_text][\/vc_column][vc_column width=&#8221;1\/3&#8243;]<div  class=\"lqd-simple-heading-wrap ld_simple_heading_69ee37a7ac9e8\">\n<h4 class=\"lqd-simple-heading\">\n\tPla\u0107anje<\/h4>\n<\/div><style>.ld_spacer_69ee37a7acac4{height:10px;}<\/style>\n<div class=\"ld-empty-space ld_spacer_69ee37a7acac4\"><\/div>[vc_column_text]<strong>1. uplata:<\/strong><br \/>\n40% 7 dana nakon potvrde rezervacije<\/p>\n<p><strong>2. uplata:<\/strong><br \/>\n60% jedan(1) mjesec prije po\u010detka krstarenja[\/vc_column_text][\/vc_column][vc_column width=&#8221;1\/3&#8243;]<div  class=\"lqd-simple-heading-wrap ld_simple_heading_69ee37a7acb5f\">\n<h4 class=\"lqd-simple-heading\">\n\tTransferi<\/h4>\n<\/div><style>.ld_spacer_69ee37a7acc13{height:10px;}<\/style>\n<div class=\"ld-empty-space ld_spacer_69ee37a7acc13\"><\/div>[vc_column_text]<strong>Airport Split \u2013 Marina Kremik<\/strong><br \/>\nu jednom smjeru do 4 osobe: 50 \u20ac<br \/>\n5 \u2013 8 osoba: 60 \u20ac<\/p>\n<p><strong>Marina Kremik \u2013 Airport Split<\/strong><br \/>\nu jednom smjeru do 4 osobe: 50 \u20ac<br \/>\n5 \u2013 8 osoba: 60 \u20ac[\/vc_column_text][\/vc_column][vc_column width=&#8221;1\/3&#8243;]<div  class=\"lqd-simple-heading-wrap ld_simple_heading_69ee37a7accbf\">\n<h4 class=\"lqd-simple-heading\">\n\tCharter paket 1<\/h4>\n<\/div><style>.ld_spacer_69ee37a7acd70{height:10px;}<\/style>\n<div class=\"ld-empty-space ld_spacer_69ee37a7acd70\"><\/div>[vc_column_text](obavezno)<\/p>\n<p>Monohull &gt; 41 feet: 300 \u20ac<br \/>\nMonohull 42-46 feet: 350 \u20ac<br \/>\nMultihull &amp; Bavaria C50: 400 \u20ac<\/p>\n<p><strong>Uklju\u010deno:<\/strong><br \/>\nWIFI hotspot &#8211; neograni\u010deno<br \/>\nPosteljina<br \/>\nDinghy<br \/>\nVanbrodski motor uklju\u010duju\u0107i benzin<br \/>\nPlin<br \/>\nRu\u010dnici, 1 set\/osoba<br \/>\nZavr\u0161no \u010di\u0161\u0107enje[\/vc_column_text][\/vc_column][vc_column width=&#8221;1\/3&#8243;]<div  class=\"lqd-simple-heading-wrap ld_simple_heading_69ee37a7ace10\">\n<h4 class=\"lqd-simple-heading\">\n\tCharter paket 2<\/h4>\n<\/div><style>.ld_spacer_69ee37a7acecb{height:10px;}<\/style>\n<div class=\"ld-empty-space ld_spacer_69ee37a7acecb\"><\/div>[vc_column_text](neobavezan)<\/p>\n<p>Monohull &gt; 41 feet: 600 \u20ac<br \/>\nMonohull 42-46 feet: 650 \u20ac<br \/>\nMultihul &amp; Bavaria C50: 700 \u20ac<\/p>\n<p><strong>Uklju\u010deno:<\/strong><br \/>\nOsiguranje depozita na licu mjesta<br \/>\nCharter paket 1[\/vc_column_text][\/vc_column][vc_column width=&#8221;1\/3&#8243;]<div  class=\"lqd-simple-heading-wrap ld_simple_heading_69ee37a7acf5b\">\n<h4 class=\"lqd-simple-heading\">\n\tDodatne usluge<\/h4>\n<\/div><style>.ld_spacer_69ee37a7ad016{height:10px;}<\/style>\n<div class=\"ld-empty-space ld_spacer_69ee37a7ad016\"><\/div>[vc_column_text]<strong>Skiper<\/strong>: upon request<br \/>\n<strong>Early check-in at 13:00h<\/strong>: 100\u20ac\/booking<br \/>\n<strong>Stand up paddle (SUP)<\/strong>: 90\u20ac\/week<br \/>\n<strong>Hostess upon request<\/strong>: upon request<br \/>\n<strong>Pets on board<\/strong>: 100\u20ac\/booking<br \/>\n<strong>Gennaker upon request<\/strong>: upon request<br \/>\n<strong>Railing net<\/strong>: upon request[\/vc_column_text][\/vc_column][vc_column width=&#8221;1\/3&#8243;]<div  class=\"lqd-simple-heading-wrap ld_simple_heading_69ee37a7ad0b3\">\n<h4 class=\"lqd-simple-heading\">\n\tRani booking 1<\/h4>\n<\/div><style>.ld_spacer_69ee37a7ad161{height:10px;}<\/style>\n<div class=\"ld-empty-space ld_spacer_69ee37a7ad161\"><\/div>[vc_column_text]<\/p>\n<p>Sailingboat: 15%<br \/>\nKatamaran: 15%[\/vc_column_text][\/vc_column][vc_column width=&#8221;1\/3&#8243;]<div  class=\"lqd-simple-heading-wrap ld_simple_heading_69ee37a7ad1fc\">\n<h4 class=\"lqd-simple-heading\">\n\tOstali popusti<\/h4>\n<\/div><style>.ld_spacer_69ee37a7ad2b4{height:10px;}<\/style>\n<div class=\"ld-empty-space ld_spacer_69ee37a7ad2b4\"><\/div>[vc_column_text]<strong>tijekom cijele godine<\/strong><\/p>\n<p>2 tjedna, stalni klijenti: 5%<br \/>\n3 tjedna: 10%[\/vc_column_text][\/vc_column][\/vc_row][vc_row css=&#8221;.vc_custom_1707340601595{padding-top: 50px !important;padding-bottom: 0px !important;background-color: #f4f4f4 !important;}&#8221;][vc_column][vc_raw_html]JTNDaWZyYW1lJTIwY2xhc3MlM0QlMjJ3Ym0lMjIlMjBpZCUzRCUyMndibVJlc3VsdCUyMiUyMHNyYyUzRCUyMmh0dHBzJTNBJTJGJTJGd3d3LmJvb2tpbmctbWFuYWdlci5jb20lMkZ3Ym0yJTJGcGFnZS5odG1sJTNGdmlldyUzRFlhY2h0RGV0YWlscyUyNnlhY2h0SWQlM0QyNjAyMTIwNDYwMDAwMTAxODU3JTI2c2V0bGFuZyUzRGRlJTI2Y29tcGFueWlkJTNEMTg1NyUyNmN1c3RvbXRlbXBsYXRlJTNEMTg1N195YWNodGRldGFpbHMtY2FsZW5kYXIudm0lMjZ0YXJnZXQlM0RfYmxhbmslMjZjb250cm9sbGVyUGFnZSUzRCUyMiUyMHdpZHRoJTNEJTIyMTAwJTI1JTIyJTIwaGVpZ2h0JTNEJTIyMjAwJTIyJTIwZnJhbWVib3JkZXIlM0QlMjIwJTIyJTIwc2Nyb2xsaW5nJTNEJTIybm8lMjIlMjBhbGxvd1RyYW5zcGFyZW5jeSUzRCUyMnRydWUlMjIlM0UlM0MlMkZpZnJhbWUlM0U=[\/vc_raw_html][\/vc_column][\/vc_row][vc_row css=&#8221;.vc_custom_1707341135898{padding-top: 50px !important;padding-bottom: 50px !important;}&#8221;][vc_column width=&#8221;1\/4&#8243; responsive_align=&#8221;text-center&#8221;][\/vc_column][vc_column width=&#8221;1\/4&#8243; responsive_align=&#8221;text-center&#8221;]<style>.ld_fancy_heading_69ee37a7ad457 p {font-size:15px; } @media (min-width: 992px) { .ld_fancy_heading_69ee37a7ad457 p {font-size:17px; }  } .ld_fancy_heading_69ee37a7ad457 p {line-height:25px; } @media (min-width: 992px) { .ld_fancy_heading_69ee37a7ad457 p {line-height:34px; }  } .ld_fancy_heading_69ee37a7ad457 p {--element-line-height:25px; } @media (min-width: 992px) { .ld_fancy_heading_69ee37a7ad457 p {--element-line-height:34px; }  } .ld_fancy_heading_69ee37a7ad457 p {font-weight:700; } .ld_fancy_heading_69ee37a7ad457 .lqd-highlight-inner{height:0.275em!important;bottom:0px!important;}.ld_fancy_heading_69ee37a7ad457 p {font-size:15px; } @media (min-width: 992px) { .ld_fancy_heading_69ee37a7ad457 p {font-size:17px; }  } .ld_fancy_heading_69ee37a7ad457 p {line-height:25px; } @media (min-width: 992px) { .ld_fancy_heading_69ee37a7ad457 p {line-height:34px; }  } .ld_fancy_heading_69ee37a7ad457 p {--element-line-height:25px; } @media (min-width: 992px) { .ld_fancy_heading_69ee37a7ad457 p {--element-line-height:34px; }  } .ld_fancy_heading_69ee37a7ad457 p {font-weight:700; } <\/style><div class=\"ld-fancy-heading text-center ld_fancy_heading_69ee37a7ad457\">\n\t<p class=\"ld-fh-element lqd-highlight-underline lqd-highlight-grow-left text-decoration-default\"   >  Popis inventara<\/p><\/div><style>.ld_button_69ee37a7ad8e9.btn-icon-solid .btn-icon{background:#94a9ff;}.ld_button_69ee37a7ad8e9.btn-icon-circle.btn-icon-ripple .btn-icon:before{border-color:#94a9ff;}.ld_button_69ee37a7ad8e9.btn-icon-solid:hover .btn-icon{background:#94a9ff;}.ld_button_69ee37a7ad8e9{background-color:#94a9ff;border-color:#94a9ff;color:rgb(255, 255, 255);}.ld_button_69ee37a7ad8e9:hover{background-color:#94a9ff;border-color:#94a9ff;color:rgb(51, 51, 51);}.ld_button_69ee37a7ad8e9 .btn-gradient-bg-hover{background:-webkit-linear-gradient(to right, #94a9ff 0%, #94a9ff 100%);background:linear-gradient(to right, #94a9ff 0%, #94a9ff 100%);}.ld_button_69ee37a7ad8e9 .btn-gradient-border defs stop:first-child{stop-color:#94a9ff;}.ld_button_69ee37a7ad8e9 .btn-gradient-border defs stop:last-child{stop-color:#94a9ff;}.ld_button_69ee37a7ad8e9:hover .btn-gradient-border defs stop:first-child{stop-color:#94a9ff;}.ld_button_69ee37a7ad8e9:hover .btn-gradient-border defs stop:last-child{stop-color:#94a9ff;}<\/style><a href=\"\/wp-content\/uploads\/2024\/02\/b36c_Adora_de.pdf\" target=\"_blank\" class=\"btn btn-solid btn-md border-thin btn-has-label ld_button_69ee37a7ad8e9\" >\n\t<span>\n\t\t\n\t\t\t\t\t<span class=\"btn-txt\" data-text=\"Preuzmi PDF\" >Preuzmi PDF<\/span>\n\t\t\t\n\t\t\t\t\t<\/span>\n<\/a>\n[\/vc_column][vc_column width=&#8221;1\/4&#8243; responsive_align=&#8221;text-center&#8221;]<style>.ld_fancy_heading_69ee37a7adf96 p {font-size:15px; } @media (min-width: 992px) { .ld_fancy_heading_69ee37a7adf96 p {font-size:17px; }  } .ld_fancy_heading_69ee37a7adf96 p {line-height:25px; } @media (min-width: 992px) { .ld_fancy_heading_69ee37a7adf96 p {line-height:34px; }  } .ld_fancy_heading_69ee37a7adf96 p {--element-line-height:25px; } @media (min-width: 992px) { .ld_fancy_heading_69ee37a7adf96 p {--element-line-height:34px; }  } .ld_fancy_heading_69ee37a7adf96 p {font-weight:700; } .ld_fancy_heading_69ee37a7adf96 .lqd-highlight-inner{height:0.275em!important;bottom:0px!important;}.ld_fancy_heading_69ee37a7adf96 p {font-size:15px; } @media (min-width: 992px) { .ld_fancy_heading_69ee37a7adf96 p {font-size:17px; }  } .ld_fancy_heading_69ee37a7adf96 p {line-height:25px; } @media (min-width: 992px) { .ld_fancy_heading_69ee37a7adf96 p {line-height:34px; }  } .ld_fancy_heading_69ee37a7adf96 p {--element-line-height:25px; } @media (min-width: 992px) { .ld_fancy_heading_69ee37a7adf96 p {--element-line-height:34px; }  } .ld_fancy_heading_69ee37a7adf96 p {font-weight:700; } <\/style><div class=\"ld-fancy-heading text-center ld_fancy_heading_69ee37a7adf96\">\n\t<p class=\"ld-fh-element lqd-highlight-underline lqd-highlight-grow-left text-decoration-default\"   >  Zanima vas &#8220;Adora&#8221;?<\/p><\/div><style>.ld_button_69ee37a7ae5c8.btn-icon-solid .btn-icon{background:#94a9ff;}.ld_button_69ee37a7ae5c8.btn-icon-circle.btn-icon-ripple .btn-icon:before{border-color:#94a9ff;}.ld_button_69ee37a7ae5c8.btn-icon-solid:hover .btn-icon{background:#94a9ff;}.ld_button_69ee37a7ae5c8{background-color:#94a9ff;border-color:#94a9ff;color:rgb(255, 255, 255);}.ld_button_69ee37a7ae5c8:hover{background-color:#94a9ff;border-color:#94a9ff;color:rgb(51, 51, 51);}.ld_button_69ee37a7ae5c8 .btn-gradient-bg-hover{background:-webkit-linear-gradient(to right, #94a9ff 0%, #94a9ff 100%);background:linear-gradient(to right, #94a9ff 0%, #94a9ff 100%);}.ld_button_69ee37a7ae5c8 .btn-gradient-border defs stop:first-child{stop-color:#94a9ff;}.ld_button_69ee37a7ae5c8 .btn-gradient-border defs stop:last-child{stop-color:#94a9ff;}.ld_button_69ee37a7ae5c8:hover .btn-gradient-border defs stop:first-child{stop-color:#94a9ff;}.ld_button_69ee37a7ae5c8:hover .btn-gradient-border defs stop:last-child{stop-color:#94a9ff;}<\/style><a href=\"mailto:info@helios-stratos.hr?subject=Adora\" target=\"_blank\" class=\"btn btn-solid btn-md border-thin btn-has-label ld_button_69ee37a7ae5c8\" >\n\t<span>\n\t\t\n\t\t\t\t\t<span class=\"btn-txt\" data-text=\"Po\u0161alji upit\" >Po\u0161alji upit<\/span>\n\t\t\t\n\t\t\t\t\t<\/span>\n<\/a>\n[\/vc_column][vc_column width=&#8221;1\/4&#8243; responsive_align=&#8221;text-center&#8221;][\/vc_column][\/vc_row]<\/p>\n","protected":false},"excerpt":{"rendered":"<p>[vc_row gap=&#8221;0&#8243; content_placement=&#8221;middle&#8221; parallax=&#8221;enable_parallax&#8221; bg_position=&#8221;center center&#8221; enable_overlay=&#8221;yes&#8221; enable_row_dividers=&#8221;yes&#8221; responsive_css=&#8221;padding_top_large:300px|padding_bottom_large:200px&#8221; css=&#8221;.vc_custom_1707415354044{padding-top: 120px !important;padding-bottom: 100px !important;background-image: url(https:\/\/helios-stratos.hr\/wp-content\/uploads\/2024\/02\/Adora_00.jpg?id=1072) !important;background-position: center;background-repeat: no-repeat !important;background-size: cover !important;}&#8221; overlay_bg=&#8221;rgba(0, 0, 0, 0.4)&#8221; el_class=&#8221;page_title&#8221; row_svg_divider=&#8221;bottom_shape_type:5|bottom_shape_color:%23ffffff|bottom_shape_height:199|bottom_shape_bringtofront:yes&#8221;][vc_column responsive_align=&#8221;text-center&#8221;][vc_text_separator title=&#8221;&#x2666;&#8221; color=&#8221;white&#8221; border_width=&#8221;2&#8243; el_width=&#8221;30&#8243; el_class=&#8221;separator_white&#8221;][\/vc_column][\/vc_row][vc_row gap=&#8221;30&#8243; css=&#8221;.vc_custom_1707322628071{padding-top: 70px !important;padding-bottom: 50px !important;}&#8221;][vc_column][vc_media_grid element_width=&#8221;2&#8243; grid_id=&#8221;vc_gid:1768039410082-f7be041e-ddc3-7&#8243; include=&#8221;1214,1217,1220,1223,1226,1229,1232,1235,1238,1241,1244,1247&#8243; el_class=&#8221;gall&#8221;][\/vc_column][\/vc_row][vc_row css=&#8221;.vc_custom_1707414797589{margin-bottom: 50px !important;padding-top: 50px !important;padding-bottom: 50px !important;background-color: #f4f4f4 !important;}&#8221;][vc_column][vc_raw_html css=&#8221;.vc_custom_1707494717572{margin-bottom: 0px !important;padding-right: [&hellip;]<\/p>\n","protected":false},"author":1,"featured_media":0,"parent":1548,"menu_order":0,"comment_status":"closed","ping_status":"closed","template":"","meta":{"footnotes":""},"class_list":["post-1643","page","type-page","status-publish","hentry"],"_links":{"self":[{"href":"https:\/\/helios-stratos.hr\/hr\/wp-json\/wp\/v2\/pages\/1643","targetHints":{"allow":["GET"]}}],"collection":[{"href":"https:\/\/helios-stratos.hr\/hr\/wp-json\/wp\/v2\/pages"}],"about":[{"href":"https:\/\/helios-stratos.hr\/hr\/wp-json\/wp\/v2\/types\/page"}],"author":[{"embeddable":true,"href":"https:\/\/helios-stratos.hr\/hr\/wp-json\/wp\/v2\/users\/1"}],"replies":[{"embeddable":true,"href":"https:\/\/helios-stratos.hr\/hr\/wp-json\/wp\/v2\/comments?post=1643"}],"version-history":[{"count":10,"href":"https:\/\/helios-stratos.hr\/hr\/wp-json\/wp\/v2\/pages\/1643\/revisions"}],"predecessor-version":[{"id":2177,"href":"https:\/\/helios-stratos.hr\/hr\/wp-json\/wp\/v2\/pages\/1643\/revisions\/2177"}],"up":[{"embeddable":true,"href":"https:\/\/helios-stratos.hr\/hr\/wp-json\/wp\/v2\/pages\/1548"}],"wp:attachment":[{"href":"https:\/\/helios-stratos.hr\/hr\/wp-json\/wp\/v2\/media?parent=1643"}],"curies":[{"name":"wp","href":"https:\/\/api.w.org\/{rel}","templated":true}]}}