{"id":1649,"date":"2024-02-03T09:51:25","date_gmt":"2024-02-03T09:51:25","guid":{"rendered":"https:\/\/helios-stratos.hr\/flota\/petit-piaf\/"},"modified":"2024-02-13T21:04:28","modified_gmt":"2024-02-13T21:04:28","slug":"petit-piaf","status":"publish","type":"page","link":"https:\/\/helios-stratos.hr\/hr\/flota\/petit-piaf\/","title":{"rendered":"&#8220;Petit Piaf&#8221; (2022)"},"content":{"rendered":"<p>[vc_row gap=&#8221;0&#8243; content_placement=&#8221;middle&#8221; parallax=&#8221;enable_parallax&#8221; bg_position=&#8221;center center&#8221; enable_overlay=&#8221;yes&#8221; enable_row_dividers=&#8221;yes&#8221; responsive_css=&#8221;padding_top_large:300px|padding_bottom_large:200px&#8221; css=&#8221;.vc_custom_1707415119996{padding-top: 120px !important;padding-bottom: 100px !important;background-image: url(https:\/\/helios-stratos.hr\/wp-content\/uploads\/2024\/02\/GMR19FP45_1194-lr-1-770&#215;410-1.jpg?id=1067) !important;background-position: center;background-repeat: no-repeat !important;background-size: cover !important;}&#8221; overlay_bg=&#8221;rgba(0, 0, 0, 0.4)&#8221; el_class=&#8221;page_title&#8221; row_svg_divider=&#8221;bottom_shape_type:5|bottom_shape_color:%23ffffff|bottom_shape_height:199|bottom_shape_bringtofront:yes&#8221;][vc_column responsive_align=&#8221;text-center&#8221;]<style>.ld_fancy_heading_69ff668da2969 h1{color:rgb(255, 255, 255);}.ld_fancy_heading_69ff668da2969 h1 {font-size:36px; } @media (min-width: 768px) { .ld_fancy_heading_69ff668da2969 h1 {font-size:50px; }  } .ld_fancy_heading_69ff668da2969 .lqd-highlight-inner{height:0.275em!important;bottom:0px!important;}.ld_fancy_heading_69ff668da2969 h1 {font-size:36px; } @media (min-width: 768px) { .ld_fancy_heading_69ff668da2969 h1 {font-size:50px; }  } <\/style><div class=\"ld-fancy-heading text-center ld_fancy_heading_69ff668da2969\">\n\t<h1 class=\"ld-fh-element lqd-highlight-underline lqd-highlight-grow-left text-decoration-default\"   >  \u201ePetit Piaf\u201c (2022)<\/h1><\/div>[vc_text_separator title=&#8221;\u2666&#8221; color=&#8221;white&#8221; border_width=&#8221;2&#8243; el_width=&#8221;30&#8243; el_class=&#8221;separator_white&#8221;]<style>.ld_fancy_heading_69ff668da34d1 div{color:rgb(255, 255, 255);}.ld_fancy_heading_69ff668da34d1 div {font-size:18px; } @media (min-width: 768px) { .ld_fancy_heading_69ff668da34d1 div {font-size:24px; }  } .ld_fancy_heading_69ff668da34d1 .lqd-highlight-inner{height:0.275em!important;bottom:0px!important;}.ld_fancy_heading_69ff668da34d1 div {font-size:18px; } @media (min-width: 768px) { .ld_fancy_heading_69ff668da34d1 div {font-size:24px; }  } <\/style><div class=\"ld-fancy-heading text-center ld_fancy_heading_69ff668da34d1\">\n\t<div class=\"ld-fh-element lqd-highlight-underline lqd-highlight-grow-left text-decoration-default\"   >  Fountain Pajot Elba 45<\/div><\/div>[\/vc_column][\/vc_row][vc_row gap=&#8221;30&#8243; css=&#8221;.vc_custom_1707322628071{padding-top: 70px !important;padding-bottom: 50px !important;}&#8221;][vc_column][vc_media_grid element_width=&#8221;2&#8243; grid_id=&#8221;vc_gid:1707858082987-c85247bb-7c1e-1&#8243; include=&#8221;1194,1197,1200,1203,1206,1209&#8243; el_class=&#8221;gall&#8221;][\/vc_column][\/vc_row][vc_row disable_element=&#8221;yes&#8221; css=&#8221;.vc_custom_1707494012073{margin-bottom: 50px !important;padding-top: 50px !important;padding-bottom: 50px !important;background-color: #f4f4f4 !important;}&#8221;][vc_column][vc_raw_html css=&#8221;.vc_custom_1707414889854{margin-bottom: 0px !important;padding-right: 15px !important;padding-left: 15px !important;}&#8221;]JTNDaWZyYW1lJTIwd2lkdGglM0QlMjIxMDAlMjUlMjIlMjBoZWlnaHQlM0QlMjI2NDAlMjIlMjBmcmFtZWJvcmRlciUzRCUyMjAlMjIlMjBhbGxvdyUzRCUyMnhyLXNwYXRpYWwtdHJhY2tpbmclM0IlMjBneXJvc2NvcGUlM0IlMjBhY2NlbGVyb21ldGVyJTIyJTIwYWxsb3dmdWxsc2NyZWVuJTNEJTIyJTIyJTIwc2Nyb2xsaW5nJTNEJTIybm8lMjIlMjBzcmMlM0QlMjJodHRwcyUzQSUyRiUyRmt1dWxhLmNvJTJGc2hhcmUlMkZjb2xsZWN0aW9uJTJGNzlIOUglM0Zsb2dvJTNEMSUyNmFtcCUzQmluZm8lM0QwJTI2YW1wJTNCbG9nb3NpemUlM0QyMDAlMjZhbXAlM0JmcyUzRDElMjZhbXAlM0J2ciUzRDElMjZhbXAlM0JzZCUzRDElMjZhbXAlM0Jpbml0bG9hZCUzRDAlMjZhbXAlM0J0aHVtYnMlM0QxJTIyJTNFJTNDJTJGaWZyYW1lJTNF[\/vc_raw_html][\/vc_column][\/vc_row][vc_row gap=&#8221;30&#8243;][vc_column width=&#8221;1\/2&#8243;]<div  class=\"lqd-simple-heading-wrap ld_simple_heading_69ff668da3d0c\">\n<h3 class=\"lqd-simple-heading\">\n\tCjenik 2024<\/h3>\n<\/div>[vc_column_text]<\/p>\n<table>\n<tbody>\n<tr>\n<td><strong>do 13.04. <\/strong><\/td>\n<td>4195 \u20ac<\/td>\n<\/tr>\n<tr>\n<td><strong>13.04. &#8211; 20.04. <\/strong><\/td>\n<td>4500 \u20ac<\/td>\n<\/tr>\n<tr>\n<td><strong>20.04. &#8211; 04.05. <\/strong><\/td>\n<td>5230 \u20ac<\/td>\n<\/tr>\n<tr>\n<td><strong>04.05. &#8211; 18.05.<\/strong><\/td>\n<td>6800 \u20ac<\/td>\n<\/tr>\n<tr>\n<td><strong>18.05. &#8211; 01.06. <\/strong><\/td>\n<td>7800 \u20ac<\/td>\n<\/tr>\n<tr>\n<td><strong>01.06. &#8211; 15.06. <\/strong><\/td>\n<td>9100 \u20ac<\/td>\n<\/tr>\n<tr>\n<td><strong>15.06. &#8211; 29.06.<\/strong><\/td>\n<td>11050 \u20ac<\/td>\n<\/tr>\n<tr>\n<td><strong>29.06. &#8211; 20.07. <\/strong><\/td>\n<td>12150 \u20ac<\/td>\n<\/tr>\n<tr>\n<td><strong> 20.07. &#8211; 17.08. <\/strong><\/td>\n<td>13050 \u20ac<\/td>\n<\/tr>\n<tr>\n<td><strong>17.08. &#8211; 31.08. <\/strong><\/td>\n<td>10780 \u20ac<\/td>\n<\/tr>\n<tr>\n<td><strong>31.08. &#8211; 14.09. <\/strong><\/td>\n<td>9120 \u20ac<\/td>\n<\/tr>\n<tr>\n<td><strong>14.09. &#8211; 21.09. <\/strong><\/td>\n<td>7820 \u20ac<\/td>\n<\/tr>\n<tr>\n<td><strong>21.09. &#8211; 28.09. <\/strong><\/td>\n<td>6000 \u20ac<\/td>\n<\/tr>\n<tr>\n<td><strong>28. 09.- 05.10. <\/strong><\/td>\n<td>5320 \u20ac<\/td>\n<\/tr>\n<tr>\n<td><strong>od 05.104720<\/strong><\/td>\n<td>\u00a0\u20ac<\/td>\n<\/tr>\n<\/tbody>\n<\/table>\n<p><strong>Depozit 3000 \u20ac<\/strong>[\/vc_column_text][\/vc_column][vc_column width=&#8221;1\/2&#8243;]<div  class=\"lqd-simple-heading-wrap ld_simple_heading_69ff668da3e5d\">\n<h3 class=\"lqd-simple-heading\">\n\tPregled<\/h3>\n<\/div>[vc_column_text]<\/p>\n<table width=\"288\" cellspacing=\"3\" cellpadding=\"3\">\n<tbody>\n<tr>\n<td bgcolor=\"#F1F1F1\" width=\"114\"><strong> Godina proizvodnje: <\/strong><\/td>\n<td align=\"left\" bgcolor=\"#F1F1F1\" width=\"114\">2022<\/td>\n<\/tr>\n<tr>\n<td bgcolor=\"#FFFFFF\"><strong> Du\u017eina preko svega <\/strong><\/td>\n<td align=\"left\" bgcolor=\"#FFFFFF\">13.45 m \/ 44.2 ft<\/td>\n<\/tr>\n<tr>\n<td bgcolor=\"#F1F1F1\"><strong> \u0160irina: <\/strong><\/td>\n<td align=\"left\" bgcolor=\"#F1F1F1\">7.55 m \/ 24.77 ft<\/td>\n<\/tr>\n<tr>\n<td bgcolor=\"#FFFFFF\"><strong> Gaz: <\/strong><\/td>\n<td align=\"left\" bgcolor=\"#FFFFFF\">1.2 m \/ 4.3 ft<\/td>\n<\/tr>\n<tr>\n<td bgcolor=\"#F1F1F1\"><strong> Motor: <\/strong><\/td>\n<td align=\"left\" bgcolor=\"#F1F1F1\"><\/td>\n<\/tr>\n<tr>\n<td bgcolor=\"#FFFFFF\"><strong> Snaga motora <\/strong><\/td>\n<td align=\"left\" bgcolor=\"#FFFFFF\">2 x 40HP<\/td>\n<\/tr>\n<tr>\n<td bgcolor=\"#F1F1F1\"><strong> Tank goriva: <\/strong><\/td>\n<td align=\"left\" bgcolor=\"#F1F1F1\">470L<\/td>\n<\/tr>\n<tr>\n<td bgcolor=\"#FFFFFF\"><strong> Tank vode: <\/strong><\/td>\n<td align=\"left\" bgcolor=\"#FFFFFF\">700L<\/td>\n<\/tr>\n<tr>\n<td bgcolor=\"#F1F1F1\"><strong> Broj kabina <\/strong><\/td>\n<td align=\"left\" bgcolor=\"#F1F1F1\">4<\/td>\n<\/tr>\n<tr>\n<td bgcolor=\"#FFFFFF\"><strong> Broj le\u017eaja <\/strong><\/td>\n<td align=\"left\" bgcolor=\"#FFFFFF\">8+2<\/td>\n<\/tr>\n<tr>\n<td bgcolor=\"#F1F1F1\"><strong> Broj toaleta\/WC <\/strong><\/td>\n<td align=\"left\" bgcolor=\"#F1F1F1\">4<\/td>\n<\/tr>\n<tr>\n<td bgcolor=\"#FFFFFF\"><strong> Roll genoa i glavno jedro <\/strong><\/td>\n<td align=\"left\" bgcolor=\"#FFFFFF\">74 m\u00b2\/45 m\u00b2<\/td>\n<\/tr>\n<\/tbody>\n<\/table>\n<p>[\/vc_column_text][\/vc_column][vc_column]<style>.ld_spacer_69ff668da3f2d{height:32px;}<\/style>\n<div class=\"ld-empty-space ld_spacer_69ff668da3f2d\"><\/div>[vc_column_text]<strong>Plus obavezna boravi\u0161na pristojba<\/strong>: 1,33\u20ac po osobi i danu<br \/>\nSve cijene su u eurima po tjednu. Cijene uklju\u010duju hrvatski PDV.[\/vc_column_text]<style>.ld_spacer_69ff668da403b{height:32px;}<\/style>\n<div class=\"ld-empty-space ld_spacer_69ff668da403b\"><\/div>[\/vc_column][\/vc_row][vc_row gap=&#8221;10&#8243; equal_height=&#8221;yes&#8221; el_class=&#8221;alternate_cells&#8221; css=&#8221;.vc_custom_1707340275162{padding-bottom: 50px !important;}&#8221;][vc_column width=&#8221;1\/3&#8243;]<div  class=\"lqd-simple-heading-wrap ld_simple_heading_69ff668da40e7\">\n<h4 class=\"lqd-simple-heading\">\n\tOp\u0107e informacije<\/h4>\n<\/div><style>.ld_spacer_69ff668da41a8{height:10px;}<\/style>\n<div class=\"ld-empty-space ld_spacer_69ff668da41a8\"><\/div>[vc_column_text]<strong>Marina:\u00a0<\/strong>Marina Kremik, Primo\u0161ten<\/p>\n<p><strong>Check in:<\/strong> Subota do 17:00 h<\/p>\n<p><strong>Povratak u marinu:<\/strong> Petak do 18:00 h<\/p>\n<p><strong>Check out:<\/strong> Subota do 09:00 h[\/vc_column_text][\/vc_column][vc_column width=&#8221;1\/3&#8243;]<div  class=\"lqd-simple-heading-wrap ld_simple_heading_69ff668da4263\">\n<h4 class=\"lqd-simple-heading\">\n\tPla\u0107anje<\/h4>\n<\/div><style>.ld_spacer_69ff668da431d{height:10px;}<\/style>\n<div class=\"ld-empty-space ld_spacer_69ff668da431d\"><\/div>[vc_column_text]<strong>1. uplata:<\/strong><br \/>\n30% 7 dana nakon potvrde rezervacije<\/p>\n<p><strong>2. uplata:<\/strong><br \/>\n70% jedan(1) mjesec prije po\u010detka krstarenja[\/vc_column_text][\/vc_column][vc_column width=&#8221;1\/3&#8243;]<div  class=\"lqd-simple-heading-wrap ld_simple_heading_69ff668da43b6\">\n<h4 class=\"lqd-simple-heading\">\n\tTransferi<\/h4>\n<\/div><style>.ld_spacer_69ff668da4479{height:10px;}<\/style>\n<div class=\"ld-empty-space ld_spacer_69ff668da4479\"><\/div>[vc_column_text]<strong>Airport Split \u2013 Marina Kremik<\/strong><br \/>\nu jednom smjeru do 4 osobe: 50 \u20ac<br \/>\n5 \u2013 8 osoba: 60 \u20ac<\/p>\n<p><strong>Marina Kremik \u2013 Airport Split<\/strong><br \/>\nu jednom smjeru do 4 osobe: 50 \u20ac<br \/>\n5 \u2013 8 osoba: 60 \u20ac[\/vc_column_text][\/vc_column][vc_column width=&#8221;1\/3&#8243;]<div  class=\"lqd-simple-heading-wrap ld_simple_heading_69ff668da4510\">\n<h4 class=\"lqd-simple-heading\">\n\tCharter paket 1<\/h4>\n<\/div><style>.ld_spacer_69ff668da45df{height:10px;}<\/style>\n<div class=\"ld-empty-space ld_spacer_69ff668da45df\"><\/div>[vc_column_text](obavezno)<\/p>\n<p>Monohull &gt; 41 feet: 250 \u20ac<br \/>\nMonohull 42-46 feet: 300 \u20ac<br \/>\nMultihull &amp; Bavaria C50: 370 \u20ac<br \/>\nElba 45: 450 \u20ac<\/p>\n<p><strong>Uklju\u010deno:<\/strong><br \/>\nWIFI hotspot &#8211; neograni\u010deno<br \/>\nPosteljina<br \/>\nDinghy<br \/>\nVanbrodski motor uklju\u010duju\u0107i benzin<br \/>\nPlin<br \/>\nRu\u010dnici, 1 set\/osoba<br \/>\nZavr\u0161no \u010di\u0161\u0107enje[\/vc_column_text][\/vc_column][vc_column width=&#8221;1\/3&#8243;]<div  class=\"lqd-simple-heading-wrap ld_simple_heading_69ff668da4697\">\n<h4 class=\"lqd-simple-heading\">\n\tCharter paket 2<\/h4>\n<\/div><style>.ld_spacer_69ff668da4773{height:10px;}<\/style>\n<div class=\"ld-empty-space ld_spacer_69ff668da4773\"><\/div>[vc_column_text](neobavezan)<\/p>\n<p>Monohull &gt; 41 feet: 430 \u20ac<br \/>\nMonohull 42-46 feet: 500 \u20ac<br \/>\nMultihul &amp; Bavaria C50: 550 \u20ac<br \/>\nElba 45: 600 \u20ac<\/p>\n<p><strong>Uklju\u010deno:<\/strong><br \/>\nOsiguranje depozita na licu mjesta<br \/>\nCharter paket 1[\/vc_column_text][\/vc_column][vc_column width=&#8221;1\/3&#8243;]<div  class=\"lqd-simple-heading-wrap ld_simple_heading_69ff668da480f\">\n<h4 class=\"lqd-simple-heading\">\n\tDodatne usluge<\/h4>\n<\/div><style>.ld_spacer_69ff668da48bf{height:10px;}<\/style>\n<div class=\"ld-empty-space ld_spacer_69ff668da48bf\"><\/div>[vc_column_text](neobavezan)<\/p>\n<p><strong>Skiper:<\/strong> 200 \u20ac\/dan + prehrana<br \/>\n<strong>Rani check-in do 13:00 h: <\/strong>100\u20ac\/booking<br \/>\n<strong>Stand up Paddle (SUP):\u00a0<\/strong>90 \u20ac\/tjedan<br \/>\n<strong>Hostesa na zahtjev: <\/strong>150 \u20ac\/tjedan + prehrana<br \/>\n<strong>\u017divotinje na brodu: <\/strong>100 \u20ac\/booking<br \/>\n<strong>Gennaker na zahtjev: <\/strong>200 \u20ac\/tjedan<br \/>\n<strong>Za\u0161titna mre\u017ea za ogradu: <\/strong>100 \u20ac\/booking[\/vc_column_text][\/vc_column][vc_column width=&#8221;1\/3&#8243;]<div  class=\"lqd-simple-heading-wrap ld_simple_heading_69ff668da4950\">\n<h4 class=\"lqd-simple-heading\">\n\tRani booking 1<\/h4>\n<\/div><style>.ld_spacer_69ff668da4a2c{height:10px;}<\/style>\n<div class=\"ld-empty-space ld_spacer_69ff668da4a2c\"><\/div>[vc_column_text]<strong>do 30.11.2023<\/strong><\/p>\n<p>Sailingboat: 15%<br \/>\nKatamaran: 10%[\/vc_column_text][\/vc_column][vc_column width=&#8221;1\/3&#8243;]<div  class=\"lqd-simple-heading-wrap ld_simple_heading_69ff668da4ae3\">\n<h4 class=\"lqd-simple-heading\">\n\tRani booking 2<\/h4>\n<\/div><style>.ld_spacer_69ff668da4b9d{height:10px;}<\/style>\n<div class=\"ld-empty-space ld_spacer_69ff668da4b9d\"><\/div>[vc_column_text]<strong>01.12.2023 \u2013 28.02.2024<\/strong><\/p>\n<p>Sailingboat: 10%<br \/>\nCatamaran: 5%[\/vc_column_text][\/vc_column][vc_column width=&#8221;1\/3&#8243;]<div  class=\"lqd-simple-heading-wrap ld_simple_heading_69ff668da4c30\">\n<h4 class=\"lqd-simple-heading\">\n\tOstali popusti<\/h4>\n<\/div><style>.ld_spacer_69ff668da4cde{height:10px;}<\/style>\n<div class=\"ld-empty-space ld_spacer_69ff668da4cde\"><\/div>[vc_column_text]<strong>tijekom cijele godine<\/strong><\/p>\n<p>2 tjedna, stalni klijenti: 5%<br \/>\n3 tjedna: 10%[\/vc_column_text][\/vc_column][\/vc_row][vc_row css=&#8221;.vc_custom_1707340601595{padding-top: 50px !important;padding-bottom: 0px !important;background-color: #f4f4f4 !important;}&#8221;][vc_column][vc_raw_html]JTNDaWZyYW1lJTIwY2xhc3MlM0QlMjJ3Ym0lMjIlMjBpZCUzRCUyMndibVJlc3VsdCUyMiUyMHNyYyUzRCUyMmh0dHBzJTNBJTJGJTJGd3d3LmJvb2tpbmctbWFuYWdlci5jb20lMkZ3Ym0yJTJGcGFnZS5odG1sJTNGdmlldyUzRFlhY2h0RGV0YWlscyUyNnlhY2h0SWQlM0QyMTE4MTQwMzcyNDAxODU3JTI2c2V0bGFuZyUzRGVuJTI2Y29tcGFueWlkJTNEMTg1NyUyNmN1c3RvbXRlbXBsYXRlJTNEMTg1N195YWNodGRldGFpbHMtY2FsZW5kYXIudm0lMjZ0YXJnZXQlM0RfYmxhbmslMjZjb250cm9sbGVyUGFnZSUzRCUyMiUyMHdpZHRoJTNEJTIyMTAwJTI1JTIyJTIwaGVpZ2h0JTNEJTIyMjAwJTIyJTIwZnJhbWVib3JkZXIlM0QlMjIwJTIyJTIwc2Nyb2xsaW5nJTNEJTIybm8lMjIlMjBhbGxvd1RyYW5zcGFyZW5jeSUzRCUyMnRydWUlMjIlM0UlM0MlMkZpZnJhbWUlM0U=[\/vc_raw_html][\/vc_column][\/vc_row][vc_row css=&#8221;.vc_custom_1707341135898{padding-top: 50px !important;padding-bottom: 50px !important;}&#8221;][vc_column width=&#8221;1\/3&#8243; responsive_align=&#8221;text-center&#8221;][\/vc_column][vc_column width=&#8221;1\/3&#8243; responsive_align=&#8221;text-center&#8221;]<style>.ld_fancy_heading_69ff668da4e41 p {font-size:15px; } @media (min-width: 992px) { .ld_fancy_heading_69ff668da4e41 p {font-size:17px; }  } .ld_fancy_heading_69ff668da4e41 p {line-height:25px; } @media (min-width: 992px) { .ld_fancy_heading_69ff668da4e41 p {line-height:34px; }  } .ld_fancy_heading_69ff668da4e41 p {--element-line-height:25px; } @media (min-width: 992px) { .ld_fancy_heading_69ff668da4e41 p {--element-line-height:34px; }  } .ld_fancy_heading_69ff668da4e41 p {font-weight:700; } .ld_fancy_heading_69ff668da4e41 .lqd-highlight-inner{height:0.275em!important;bottom:0px!important;}.ld_fancy_heading_69ff668da4e41 p {font-size:15px; } @media (min-width: 992px) { .ld_fancy_heading_69ff668da4e41 p {font-size:17px; }  } .ld_fancy_heading_69ff668da4e41 p {line-height:25px; } @media (min-width: 992px) { .ld_fancy_heading_69ff668da4e41 p {line-height:34px; }  } .ld_fancy_heading_69ff668da4e41 p {--element-line-height:25px; } @media (min-width: 992px) { .ld_fancy_heading_69ff668da4e41 p {--element-line-height:34px; }  } .ld_fancy_heading_69ff668da4e41 p {font-weight:700; } <\/style><div class=\"ld-fancy-heading text-center ld_fancy_heading_69ff668da4e41\">\n\t<p class=\"ld-fh-element lqd-highlight-underline lqd-highlight-grow-left text-decoration-default\"   >  Zanima vas &#8220;Petit Piaf&#8221;?<\/p><\/div><style>.ld_button_69ff668da5417.btn-icon-solid .btn-icon{background:#94a9ff;}.ld_button_69ff668da5417.btn-icon-circle.btn-icon-ripple .btn-icon:before{border-color:#94a9ff;}.ld_button_69ff668da5417.btn-icon-solid:hover .btn-icon{background:#94a9ff;}.ld_button_69ff668da5417{background-color:#94a9ff;border-color:#94a9ff;color:rgb(255, 255, 255);}.ld_button_69ff668da5417:hover{background-color:#94a9ff;border-color:#94a9ff;color:rgb(51, 51, 51);}.ld_button_69ff668da5417 .btn-gradient-bg-hover{background:-webkit-linear-gradient(to right, #94a9ff 0%, #94a9ff 100%);background:linear-gradient(to right, #94a9ff 0%, #94a9ff 100%);}.ld_button_69ff668da5417 .btn-gradient-border defs stop:first-child{stop-color:#94a9ff;}.ld_button_69ff668da5417 .btn-gradient-border defs stop:last-child{stop-color:#94a9ff;}.ld_button_69ff668da5417:hover .btn-gradient-border defs stop:first-child{stop-color:#94a9ff;}.ld_button_69ff668da5417:hover .btn-gradient-border defs stop:last-child{stop-color:#94a9ff;}<\/style><a href=\"mailto:info@helios-stratos.hr?subject=Petit%20Piaf\" target=\"_blank\" class=\"btn btn-solid btn-md border-thin btn-has-label ld_button_69ff668da5417\" >\n\t<span>\n\t\t\n\t\t\t\t\t<span class=\"btn-txt\" data-text=\"Po\u0161alji upit\" >Po\u0161alji upit<\/span>\n\t\t\t\n\t\t\t\t\t<\/span>\n<\/a>\n[\/vc_column][vc_column width=&#8221;1\/3&#8243; responsive_align=&#8221;text-center&#8221;][\/vc_column][\/vc_row]<\/p>\n","protected":false},"excerpt":{"rendered":"<p>[vc_row gap=&#8221;0&#8243; content_placement=&#8221;middle&#8221; parallax=&#8221;enable_parallax&#8221; bg_position=&#8221;center center&#8221; enable_overlay=&#8221;yes&#8221; enable_row_dividers=&#8221;yes&#8221; responsive_css=&#8221;padding_top_large:300px|padding_bottom_large:200px&#8221; css=&#8221;.vc_custom_1707415119996{padding-top: 120px !important;padding-bottom: 100px !important;background-image: url(https:\/\/helios-stratos.hr\/wp-content\/uploads\/2024\/02\/GMR19FP45_1194-lr-1-770&#215;410-1.jpg?id=1067) !important;background-position: center;background-repeat: no-repeat !important;background-size: cover !important;}&#8221; overlay_bg=&#8221;rgba(0, 0, 0, 0.4)&#8221; el_class=&#8221;page_title&#8221; row_svg_divider=&#8221;bottom_shape_type:5|bottom_shape_color:%23ffffff|bottom_shape_height:199|bottom_shape_bringtofront:yes&#8221;][vc_column responsive_align=&#8221;text-center&#8221;][vc_text_separator title=&#8221;\u2666&#8221; color=&#8221;white&#8221; border_width=&#8221;2&#8243; el_width=&#8221;30&#8243; el_class=&#8221;separator_white&#8221;][\/vc_column][\/vc_row][vc_row gap=&#8221;30&#8243; css=&#8221;.vc_custom_1707322628071{padding-top: 70px !important;padding-bottom: 50px !important;}&#8221;][vc_column][vc_media_grid element_width=&#8221;2&#8243; grid_id=&#8221;vc_gid:1707858082987-c85247bb-7c1e-1&#8243; include=&#8221;1194,1197,1200,1203,1206,1209&#8243; el_class=&#8221;gall&#8221;][\/vc_column][\/vc_row][vc_row disable_element=&#8221;yes&#8221; css=&#8221;.vc_custom_1707494012073{margin-bottom: 50px !important;padding-top: 50px !important;padding-bottom: 50px !important;background-color: #f4f4f4 !important;}&#8221;][vc_column][vc_raw_html css=&#8221;.vc_custom_1707414889854{margin-bottom: 0px [&hellip;]<\/p>\n","protected":false},"author":1,"featured_media":0,"parent":1548,"menu_order":0,"comment_status":"closed","ping_status":"closed","template":"","meta":{"footnotes":""},"class_list":["post-1649","page","type-page","status-publish","hentry"],"_links":{"self":[{"href":"https:\/\/helios-stratos.hr\/hr\/wp-json\/wp\/v2\/pages\/1649","targetHints":{"allow":["GET"]}}],"collection":[{"href":"https:\/\/helios-stratos.hr\/hr\/wp-json\/wp\/v2\/pages"}],"about":[{"href":"https:\/\/helios-stratos.hr\/hr\/wp-json\/wp\/v2\/types\/page"}],"author":[{"embeddable":true,"href":"https:\/\/helios-stratos.hr\/hr\/wp-json\/wp\/v2\/users\/1"}],"replies":[{"embeddable":true,"href":"https:\/\/helios-stratos.hr\/hr\/wp-json\/wp\/v2\/comments?post=1649"}],"version-history":[{"count":6,"href":"https:\/\/helios-stratos.hr\/hr\/wp-json\/wp\/v2\/pages\/1649\/revisions"}],"predecessor-version":[{"id":1795,"href":"https:\/\/helios-stratos.hr\/hr\/wp-json\/wp\/v2\/pages\/1649\/revisions\/1795"}],"up":[{"embeddable":true,"href":"https:\/\/helios-stratos.hr\/hr\/wp-json\/wp\/v2\/pages\/1548"}],"wp:attachment":[{"href":"https:\/\/helios-stratos.hr\/hr\/wp-json\/wp\/v2\/media?parent=1649"}],"curies":[{"name":"wp","href":"https:\/\/api.w.org\/{rel}","templated":true}]}}